{"id":52916,"date":"2014-09-10T00:00:00","date_gmt":"2014-09-09T22:00:00","guid":{"rendered":"https:\/\/mcx.sunlab.eu\/product\/tente-lenkrolle-100mm-gebremst\/"},"modified":"2026-03-25T14:47:09","modified_gmt":"2026-03-25T13:47:09","slug":"tente-lenkrolle-100mm-gebremst","status":"publish","type":"product","link":"https:\/\/megacase.com\/de\/produkt\/tente-lenkrolle-100mm-gebremst\/","title":{"rendered":"Lenkrolle 100mm gebremst"},"content":{"rendered":"<p>Lenkrolle gebremst<br \/>\nRollenlager: Schwenklager mit zweifachem Kugelkranz<br \/>\nPlattengr\u00f6\u00dfe: 102 x 84 mm<br \/>\nTragkraft: 160 kg<br \/>\nBauh\u00f6he: 128 mm<br \/>\nLochabstand: 80 x 60 mm<br \/>\nRadbreite: 36 mm<br \/>\nGewicht stck 1,03kg<\/p>\n","protected":false},"excerpt":{"rendered":"<p>Lenkrolle gebremst | Plattengr\u00f6\u00dfe: 102 x 84 mm | Tragkraft: 160 kg | Bauh\u00f6he: 128 mm<\/p>\n","protected":false},"featured_media":213487,"template":"","meta":{"_acf_changed":false},"product_brand":[],"product_cat":[13512,16313],"product_tag":[],"class_list":{"0":"post-52916","1":"product","2":"type-product","3":"status-publish","4":"has-post-thumbnail","6":"product_cat-case-zubehoer","7":"product_cat-zubehoer-bauteile","9":"first","10":"instock","11":"taxable","12":"shipping-taxable","13":"purchasable","14":"product-type-simple"},"acf":[],"_links":{"self":[{"href":"https:\/\/megacase.com\/de\/wp-json\/wp\/v2\/product\/52916","targetHints":{"allow":["GET"]}}],"collection":[{"href":"https:\/\/megacase.com\/de\/wp-json\/wp\/v2\/product"}],"about":[{"href":"https:\/\/megacase.com\/de\/wp-json\/wp\/v2\/types\/product"}],"wp:featuredmedia":[{"embeddable":true,"href":"https:\/\/megacase.com\/de\/wp-json\/wp\/v2\/media\/213487"}],"wp:attachment":[{"href":"https:\/\/megacase.com\/de\/wp-json\/wp\/v2\/media?parent=52916"}],"wp:term":[{"taxonomy":"product_brand","embeddable":true,"href":"https:\/\/megacase.com\/de\/wp-json\/wp\/v2\/product_brand?post=52916"},{"taxonomy":"product_cat","embeddable":true,"href":"https:\/\/megacase.com\/de\/wp-json\/wp\/v2\/product_cat?post=52916"},{"taxonomy":"product_tag","embeddable":true,"href":"https:\/\/megacase.com\/de\/wp-json\/wp\/v2\/product_tag?post=52916"}],"curies":[{"name":"wp","href":"https:\/\/api.w.org\/{rel}","templated":true}]}}