{"id":52915,"date":"2014-09-09T00:00:00","date_gmt":"2014-09-08T22:00:00","guid":{"rendered":"https:\/\/mcx.sunlab.eu\/product\/flightcase-fuer-paas-soundsystem\/"},"modified":"2026-03-25T14:47:10","modified_gmt":"2026-03-25T13:47:10","slug":"flightcase-fuer-paas-soundsystem","status":"publish","type":"product","link":"https:\/\/megacase.com\/de\/produkt\/flightcase-fuer-paas-soundsystem\/","title":{"rendered":"Flightcase f\u00fcr PAAS Soundsystem"},"content":{"rendered":"<p>L\u00e4nge: 99,2 Breite: 17,3 H\u00f6he: 13,7<br \/>\n7mm Birkenmultiplex phenolharzbeschichtet<br \/>\n2x Butterfly-Verschluss mini<br \/>\n1x Gewebegriff<br \/>\n1cm Schaumstoffpolsterung,<br \/>\n3cm Noppenschaum im Deckel<br \/>\nStahlkugelecken<br \/>\nHergestellt in Deutschland<br \/>\nAu\u00dfenma\u00dfe: BxTxH: 1045 x 227 x 205 mm<br \/>\nGewicht: 6,7 kg<\/p>\n","protected":false},"excerpt":{"rendered":"<p>L\u00e4nge: 99,2 Breite: 17,3 H\u00f6he: 13,7 7mm Birkenmultiplex phenolharzbeschichtet 2x Butterfly-Verschluss mini 1x Gewebegriff 1cm Schaumstoffpolsterung, 3cm Noppenschaum im Deckel<\/p>\n","protected":false},"featured_media":25500,"template":"","meta":{"_acf_changed":false},"product_brand":[],"product_cat":[13504],"product_tag":[],"class_list":{"0":"post-52915","1":"product","2":"type-product","3":"status-publish","4":"has-post-thumbnail","6":"product_cat-koffer-cases","8":"first","9":"instock","10":"taxable","11":"shipping-taxable","12":"purchasable","13":"product-type-simple"},"acf":[],"_links":{"self":[{"href":"https:\/\/megacase.com\/de\/wp-json\/wp\/v2\/product\/52915","targetHints":{"allow":["GET"]}}],"collection":[{"href":"https:\/\/megacase.com\/de\/wp-json\/wp\/v2\/product"}],"about":[{"href":"https:\/\/megacase.com\/de\/wp-json\/wp\/v2\/types\/product"}],"wp:featuredmedia":[{"embeddable":true,"href":"https:\/\/megacase.com\/de\/wp-json\/wp\/v2\/media\/25500"}],"wp:attachment":[{"href":"https:\/\/megacase.com\/de\/wp-json\/wp\/v2\/media?parent=52915"}],"wp:term":[{"taxonomy":"product_brand","embeddable":true,"href":"https:\/\/megacase.com\/de\/wp-json\/wp\/v2\/product_brand?post=52915"},{"taxonomy":"product_cat","embeddable":true,"href":"https:\/\/megacase.com\/de\/wp-json\/wp\/v2\/product_cat?post=52915"},{"taxonomy":"product_tag","embeddable":true,"href":"https:\/\/megacase.com\/de\/wp-json\/wp\/v2\/product_tag?post=52915"}],"curies":[{"name":"wp","href":"https:\/\/api.w.org\/{rel}","templated":true}]}}