{"id":52911,"date":"2014-09-05T00:00:00","date_gmt":"2014-09-04T22:00:00","guid":{"rendered":"https:\/\/mcx.sunlab.eu\/product\/heavy-single-door-case-schwarz-620x420x1400\/"},"modified":"2026-03-25T14:47:11","modified_gmt":"2026-03-25T13:47:11","slug":"heavy-single-door-case-schwarz-620x420x1400","status":"publish","type":"product","link":"https:\/\/megacase.com\/de\/produkt\/heavy-single-door-case-schwarz-620x420x1400\/","title":{"rendered":"Heavy Single Door Case schwarz 620x420x1400"},"content":{"rendered":"<p>Heavy Single Door Case mit den Innenma\u00dfen von 620 x 420 x 1400,<br \/>\nDeckel vorne abnehmbar,<br \/>\n9mm Birkenmultiplex,<br \/>\n35 x 35mm Alukante,<br \/>\n2 Kantengriffe,<br \/>\nRutschleisten unten,<br \/>\n2 Butterfly Verschl\u00fc\u00dfe mit \u00d6sen;<br \/>\n4 gefederte Butterfly-Verschl\u00fc\u00dfe gro\u00df,<br \/>\n10 Klappgriffe gro\u00df,<br \/>\nStahlkugelecken gro\u00df,<br \/>\nhergestellt in Deutschland<br \/>\nAu\u00dfenma\u00dfe: BxTxH: 670 x 545 x 1146 mm<br \/>\nGewicht: 41 kg<\/p>\n","protected":false},"excerpt":{"rendered":"<p>Heavy Single Door Case mit den Innenma\u00dfen von 620 x 420 x 1400, Deckel vorne abnehmbar, 9mm Birkenmultiplex, 35 x<\/p>\n","protected":false},"featured_media":25510,"template":"","meta":{"_acf_changed":false},"product_brand":[],"product_cat":[13494],"product_tag":[],"class_list":{"0":"post-52911","1":"product","2":"type-product","3":"status-publish","4":"has-post-thumbnail","6":"product_cat-custom-cases","8":"first","9":"instock","10":"taxable","11":"shipping-taxable","12":"purchasable","13":"product-type-simple"},"acf":[],"_links":{"self":[{"href":"https:\/\/megacase.com\/de\/wp-json\/wp\/v2\/product\/52911","targetHints":{"allow":["GET"]}}],"collection":[{"href":"https:\/\/megacase.com\/de\/wp-json\/wp\/v2\/product"}],"about":[{"href":"https:\/\/megacase.com\/de\/wp-json\/wp\/v2\/types\/product"}],"wp:featuredmedia":[{"embeddable":true,"href":"https:\/\/megacase.com\/de\/wp-json\/wp\/v2\/media\/25510"}],"wp:attachment":[{"href":"https:\/\/megacase.com\/de\/wp-json\/wp\/v2\/media?parent=52911"}],"wp:term":[{"taxonomy":"product_brand","embeddable":true,"href":"https:\/\/megacase.com\/de\/wp-json\/wp\/v2\/product_brand?post=52911"},{"taxonomy":"product_cat","embeddable":true,"href":"https:\/\/megacase.com\/de\/wp-json\/wp\/v2\/product_cat?post=52911"},{"taxonomy":"product_tag","embeddable":true,"href":"https:\/\/megacase.com\/de\/wp-json\/wp\/v2\/product_tag?post=52911"}],"curies":[{"name":"wp","href":"https:\/\/api.w.org\/{rel}","templated":true}]}}