{"id":52909,"date":"2014-09-04T00:00:00","date_gmt":"2014-09-03T22:00:00","guid":{"rendered":"https:\/\/mcx.sunlab.eu\/product\/haubencase-roland-vs-2480\/"},"modified":"2026-03-25T14:47:11","modified_gmt":"2026-03-25T13:47:11","slug":"haubencase-roland-vs-2480","status":"publish","type":"product","link":"https:\/\/megacase.com\/de\/produkt\/haubencase-roland-vs-2480\/","title":{"rendered":"Haubencase Roland VS 2480"},"content":{"rendered":"<p>ma\u00dfgefertigtes Haubencase f\u00fcr Roland VS-2480 inkl. Platz f\u00fcr Netzteil<br \/>\n7mm Birkenmultiplex<br \/>\n25x25mm Alukante<br \/>\nSchaumstoffpolsterung<br \/>\n4 gefederte Butterfly-Verschl\u00fc\u00dfe<br \/>\n3 Klappgriffe<br \/>\nStahlkugelecken<br \/>\nGummif\u00fc\u00dfe<br \/>\nhergestellt in Deutschland<br \/>\nAu\u00dfenma\u00dfe: BxTxH: 685 x 585 x 255 mm<br \/>\nGewicht: 10,42 kg<\/p>\n","protected":false},"excerpt":{"rendered":"<p>ma\u00dfgefertigtes Haubencase f\u00fcr Roland VS-2480 inkl. Platz f\u00fcr Netzteil 7mm Birkenmultiplex 25x25mm Alukante Schaumstoffpolsterung 4 gefederte Butterfly-Verschl\u00fc\u00dfe 3 Klappgriffe Stahlkugelecken<\/p>\n","protected":false},"featured_media":25514,"template":"","meta":{"_acf_changed":false},"product_brand":[],"product_cat":[13490,13495,13558],"product_tag":[],"class_list":{"0":"post-52909","1":"product","2":"type-product","3":"status-publish","4":"has-post-thumbnail","6":"product_cat-hersteller","7":"product_cat-mischpult-cases","8":"product_cat-roland-case","10":"first","11":"instock","12":"taxable","13":"shipping-taxable","14":"purchasable","15":"product-type-simple"},"acf":[],"_links":{"self":[{"href":"https:\/\/megacase.com\/de\/wp-json\/wp\/v2\/product\/52909","targetHints":{"allow":["GET"]}}],"collection":[{"href":"https:\/\/megacase.com\/de\/wp-json\/wp\/v2\/product"}],"about":[{"href":"https:\/\/megacase.com\/de\/wp-json\/wp\/v2\/types\/product"}],"wp:featuredmedia":[{"embeddable":true,"href":"https:\/\/megacase.com\/de\/wp-json\/wp\/v2\/media\/25514"}],"wp:attachment":[{"href":"https:\/\/megacase.com\/de\/wp-json\/wp\/v2\/media?parent=52909"}],"wp:term":[{"taxonomy":"product_brand","embeddable":true,"href":"https:\/\/megacase.com\/de\/wp-json\/wp\/v2\/product_brand?post=52909"},{"taxonomy":"product_cat","embeddable":true,"href":"https:\/\/megacase.com\/de\/wp-json\/wp\/v2\/product_cat?post=52909"},{"taxonomy":"product_tag","embeddable":true,"href":"https:\/\/megacase.com\/de\/wp-json\/wp\/v2\/product_tag?post=52909"}],"curies":[{"name":"wp","href":"https:\/\/api.w.org\/{rel}","templated":true}]}}