{"id":52903,"date":"2014-08-28T00:00:00","date_gmt":"2014-08-27T22:00:00","guid":{"rendered":"https:\/\/mcx.sunlab.eu\/product\/profi-kitchen-case-auf-rollen\/"},"modified":"2026-03-25T14:47:12","modified_gmt":"2026-03-25T13:47:12","slug":"profi-kitchen-case-auf-rollen","status":"publish","type":"product","link":"https:\/\/megacase.com\/de\/produkt\/profi-kitchen-case-auf-rollen\/","title":{"rendered":"Profi Kitchen-Case auf Rollen"},"content":{"rendered":"<p>Profi Kitchen-Case auf Rollen (2x gebremst) mit den Innenma\u00dfen von 500 x 600mm BxT,  Arbeitsplattenh\u00f6he bei ca. 860mm inkl. Rollen, einen 20cm hohen Deckel mittels Gasdruckd\u00e4mpfer zum klappen,  im Deckel ein Zwischenboden zum abstellen von Tassen lt. Zeichnung, vorne im Case eine eingelassene T\u00fcre mit rechtsanschlag   mittels einem Hebelverschluss zu \u00f6ffnen, hinten links unten ein ca. 100 x 100mm Ausschnitt f\u00fcr Zuleitung\/Ableitung;<br \/>\n9mm Birkenmultiplex,<br \/>\n30 x 30mm Alukante,<br \/>\n2 gefederter Butterfly-Verschlu\u00df,<br \/>\n5 Klappgriffe,<br \/>\nStahlkugelecken,<br \/>\nhergestellt in Deutschland<br \/>\nhergestellt in Deutschland<br \/>\nAbmessungen: BxTxH: 544x644x1080 mm<br \/>\nGewicht: 37,5 kg  Achtung: Sp\u00fclbecken und Abwasseranschl\u00fcsse sind NICHT im Lieferumfang enthalten.<\/p>\n","protected":false},"excerpt":{"rendered":"<p>Profi Kitchen-Case auf Rollen (2x gebremst) mit den Innenma\u00dfen von 500 x 600mm BxT, Arbeitsplattenh\u00f6he bei ca. 860mm inkl. Rollen,<\/p>\n","protected":false},"featured_media":25530,"template":"","meta":{"_acf_changed":false},"product_brand":[],"product_cat":[13494],"product_tag":[],"class_list":{"0":"post-52903","1":"product","2":"type-product","3":"status-publish","4":"has-post-thumbnail","6":"product_cat-custom-cases","8":"first","9":"instock","10":"taxable","11":"shipping-taxable","12":"purchasable","13":"product-type-simple"},"acf":[],"_links":{"self":[{"href":"https:\/\/megacase.com\/de\/wp-json\/wp\/v2\/product\/52903","targetHints":{"allow":["GET"]}}],"collection":[{"href":"https:\/\/megacase.com\/de\/wp-json\/wp\/v2\/product"}],"about":[{"href":"https:\/\/megacase.com\/de\/wp-json\/wp\/v2\/types\/product"}],"wp:featuredmedia":[{"embeddable":true,"href":"https:\/\/megacase.com\/de\/wp-json\/wp\/v2\/media\/25530"}],"wp:attachment":[{"href":"https:\/\/megacase.com\/de\/wp-json\/wp\/v2\/media?parent=52903"}],"wp:term":[{"taxonomy":"product_brand","embeddable":true,"href":"https:\/\/megacase.com\/de\/wp-json\/wp\/v2\/product_brand?post=52903"},{"taxonomy":"product_cat","embeddable":true,"href":"https:\/\/megacase.com\/de\/wp-json\/wp\/v2\/product_cat?post=52903"},{"taxonomy":"product_tag","embeddable":true,"href":"https:\/\/megacase.com\/de\/wp-json\/wp\/v2\/product_tag?post=52903"}],"curies":[{"name":"wp","href":"https:\/\/api.w.org\/{rel}","templated":true}]}}