{"id":52902,"date":"2014-08-26T00:00:00","date_gmt":"2014-08-25T22:00:00","guid":{"rendered":"https:\/\/mcx.sunlab.eu\/product\/flightcase-320-x-740-x-420mm-bxtxh-mit-schublade\/"},"modified":"2026-03-25T14:47:12","modified_gmt":"2026-03-25T13:47:12","slug":"flightcase-320-x-740-x-420mm-bxtxh-mit-schublade","status":"publish","type":"product","link":"https:\/\/megacase.com\/de\/produkt\/flightcase-320-x-740-x-420mm-bxtxh-mit-schublade\/","title":{"rendered":"Flightcase 320 x 740 x 420mm BxTxH mit Schublade"},"content":{"rendered":"<p>Flightcase mit einer abschlie\u00dfbaren Schublade mit den Au\u00dfenmcase \u00fcber alles  von 316 x 745 x 420mm BxTxH ohne Ansteckbrett, Griff an Schublade eingelassen, Schublade mit Nutenschaumstoff ausgekleidet inkl. 5 Trennbretter,  hinten ein Erweiterungsbrett zum einh\u00e4ngen damit Au\u00dfenma\u00df auf 950mm verl\u00e4ngert werden kann;<br \/>\n7mm Birkenmultiplex,<br \/>\n30 x 30mm Alukante,<br \/>\nSchaumstoffpolsterung,<br \/>\nStahlecken flach,<br \/>\nhergestellt in Deutschland<br \/>\nGewicht: 19,9 kg<\/p>\n","protected":false},"excerpt":{"rendered":"<p>Flightcase mit einer abschlie\u00dfbaren Schublade mit den Au\u00dfenmcase \u00fcber alles von 316 x 745 x 420mm BxTxH ohne Ansteckbrett, Griff<\/p>\n","protected":false},"featured_media":25532,"template":"","meta":{"_acf_changed":false},"product_brand":[],"product_cat":[13494],"product_tag":[14293],"class_list":{"0":"post-52902","1":"product","2":"type-product","3":"status-publish","4":"has-post-thumbnail","6":"product_cat-custom-cases","7":"product_tag-schublade","9":"first","10":"instock","11":"taxable","12":"shipping-taxable","13":"purchasable","14":"product-type-simple"},"acf":[],"_links":{"self":[{"href":"https:\/\/megacase.com\/de\/wp-json\/wp\/v2\/product\/52902","targetHints":{"allow":["GET"]}}],"collection":[{"href":"https:\/\/megacase.com\/de\/wp-json\/wp\/v2\/product"}],"about":[{"href":"https:\/\/megacase.com\/de\/wp-json\/wp\/v2\/types\/product"}],"wp:featuredmedia":[{"embeddable":true,"href":"https:\/\/megacase.com\/de\/wp-json\/wp\/v2\/media\/25532"}],"wp:attachment":[{"href":"https:\/\/megacase.com\/de\/wp-json\/wp\/v2\/media?parent=52902"}],"wp:term":[{"taxonomy":"product_brand","embeddable":true,"href":"https:\/\/megacase.com\/de\/wp-json\/wp\/v2\/product_brand?post=52902"},{"taxonomy":"product_cat","embeddable":true,"href":"https:\/\/megacase.com\/de\/wp-json\/wp\/v2\/product_cat?post=52902"},{"taxonomy":"product_tag","embeddable":true,"href":"https:\/\/megacase.com\/de\/wp-json\/wp\/v2\/product_tag?post=52902"}],"curies":[{"name":"wp","href":"https:\/\/api.w.org\/{rel}","templated":true}]}}