{"id":52896,"date":"2014-08-18T00:00:00","date_gmt":"2014-08-17T22:00:00","guid":{"rendered":"https:\/\/mcx.sunlab.eu\/product\/10he-live-rack-60cm-einbautiefe-zwischen-den-rackschienen-schwarz\/"},"modified":"2026-03-25T14:47:13","modified_gmt":"2026-03-25T13:47:13","slug":"10he-live-rack-60cm-einbautiefe-zwischen-den-rackschienen-schwarz","status":"publish","type":"product","link":"https:\/\/megacase.com\/de\/produkt\/10he-live-rack-60cm-einbautiefe-zwischen-den-rackschienen-schwarz\/","title":{"rendered":"10HE Live Rack 60cm Einbautiefe zwischen den Rackschienen schwarz"},"content":{"rendered":"<p>60cm Nutztiefe  2 Deckel<br \/>\n7mm Birkenmultiplex schwarz<br \/>\n25\/25mm Alukante<br \/>\n4 gefederte Butterflyverschl\u00fcsse mit \u00d6se<br \/>\n4 Klappgriffe<br \/>\n4 Gummif\u00fc\u00dfe<br \/>\n2 paar Auflagewinkel<br \/>\nstufenlose Profi Rackschiene mit Gummikeder vorne und hinten<br \/>\nincl. Schraubensatz<br \/>\nStahlkugelecken<br \/>\nAbbildung \u00e4hnlich<\/p>\n","protected":false},"excerpt":{"rendered":"<p>60cm Nutztiefe 2 Deckel 7mm Birkenmultiplex schwarz 25\/25mm Alukante 4 gefederte Butterflyverschl\u00fcsse mit \u00d6se 4 Klappgriffe 4 Gummif\u00fc\u00dfe 2 paar<\/p>\n","protected":false},"featured_media":25546,"template":"","meta":{"_acf_changed":false},"product_brand":[],"product_cat":[13510],"product_tag":[],"class_list":{"0":"post-52896","1":"product","2":"type-product","3":"status-publish","4":"has-post-thumbnail","6":"product_cat-racks","8":"first","9":"instock","10":"taxable","11":"shipping-taxable","12":"purchasable","13":"product-type-simple"},"acf":[],"_links":{"self":[{"href":"https:\/\/megacase.com\/de\/wp-json\/wp\/v2\/product\/52896","targetHints":{"allow":["GET"]}}],"collection":[{"href":"https:\/\/megacase.com\/de\/wp-json\/wp\/v2\/product"}],"about":[{"href":"https:\/\/megacase.com\/de\/wp-json\/wp\/v2\/types\/product"}],"wp:featuredmedia":[{"embeddable":true,"href":"https:\/\/megacase.com\/de\/wp-json\/wp\/v2\/media\/25546"}],"wp:attachment":[{"href":"https:\/\/megacase.com\/de\/wp-json\/wp\/v2\/media?parent=52896"}],"wp:term":[{"taxonomy":"product_brand","embeddable":true,"href":"https:\/\/megacase.com\/de\/wp-json\/wp\/v2\/product_brand?post=52896"},{"taxonomy":"product_cat","embeddable":true,"href":"https:\/\/megacase.com\/de\/wp-json\/wp\/v2\/product_cat?post=52896"},{"taxonomy":"product_tag","embeddable":true,"href":"https:\/\/megacase.com\/de\/wp-json\/wp\/v2\/product_tag?post=52896"}],"curies":[{"name":"wp","href":"https:\/\/api.w.org\/{rel}","templated":true}]}}