{"id":52893,"date":"2014-08-13T00:00:00","date_gmt":"2014-08-12T22:00:00","guid":{"rendered":"https:\/\/mcx.sunlab.eu\/product\/transportcase-schwarz-hp-z24i-tft-monitor-2in1-inkl-boxen-etc\/"},"modified":"2026-03-25T14:47:15","modified_gmt":"2026-03-25T13:47:15","slug":"transportcase-schwarz-hp-z24i-tft-monitor-2in1-inkl-boxen-etc","status":"publish","type":"product","link":"https:\/\/megacase.com\/de\/produkt\/transportcase-schwarz-hp-z24i-tft-monitor-2in1-inkl-boxen-etc\/","title":{"rendered":"Transportcase schwarz HP Z24i TFT Monitor 2in1 inkl. Boxen etc."},"content":{"rendered":"<p>Transportcase in schwarz mit Schaumstoffpolsterung und Fachunterteilung f\u00fcr  zwei HP Z24i TFT Monitor mit Standfu\u00df, zwei Genelec 6010 Lautsprecher, ein Avid Fast Track Duo Audio Interface  sowie ein Zubeh\u00f6rfach f\u00fcr Kabel mit den Ma\u00dfen von 400 x 250 x 100mm BxTxH;<br \/>\n7mm Birkenmultiplex,<br \/>\n30 x 30mm Alukante,<br \/>\nSchaumstoffpolsterung,<br \/>\n4 gefederte Butterfly-Verschl\u00fc\u00dfe,<br \/>\n4 Klappgriffe,<br \/>\nStahlkugelecken,<br \/>\nhergestellt in Deutschland<br \/>\nAu\u00dfenma\u00dfe: BxTxH: 922 x 610 x 503 mm,<br \/>\nGewicht: 28 kg<\/p>\n","protected":false},"excerpt":{"rendered":"<p>Transportcase in schwarz mit Schaumstoffpolsterung und Fachunterteilung f\u00fcr zwei HP Z24i TFT Monitor mit Standfu\u00df, zwei Genelec 6010 Lautsprecher, ein<\/p>\n","protected":false},"featured_media":25556,"template":"","meta":{"_acf_changed":false},"product_brand":[],"product_cat":[13494],"product_tag":[],"class_list":{"0":"post-52893","1":"product","2":"type-product","3":"status-publish","4":"has-post-thumbnail","6":"product_cat-custom-cases","8":"first","9":"instock","10":"taxable","11":"shipping-taxable","12":"purchasable","13":"product-type-simple"},"acf":[],"_links":{"self":[{"href":"https:\/\/megacase.com\/de\/wp-json\/wp\/v2\/product\/52893","targetHints":{"allow":["GET"]}}],"collection":[{"href":"https:\/\/megacase.com\/de\/wp-json\/wp\/v2\/product"}],"about":[{"href":"https:\/\/megacase.com\/de\/wp-json\/wp\/v2\/types\/product"}],"wp:featuredmedia":[{"embeddable":true,"href":"https:\/\/megacase.com\/de\/wp-json\/wp\/v2\/media\/25556"}],"wp:attachment":[{"href":"https:\/\/megacase.com\/de\/wp-json\/wp\/v2\/media?parent=52893"}],"wp:term":[{"taxonomy":"product_brand","embeddable":true,"href":"https:\/\/megacase.com\/de\/wp-json\/wp\/v2\/product_brand?post=52893"},{"taxonomy":"product_cat","embeddable":true,"href":"https:\/\/megacase.com\/de\/wp-json\/wp\/v2\/product_cat?post=52893"},{"taxonomy":"product_tag","embeddable":true,"href":"https:\/\/megacase.com\/de\/wp-json\/wp\/v2\/product_tag?post=52893"}],"curies":[{"name":"wp","href":"https:\/\/api.w.org\/{rel}","templated":true}]}}