{"id":52876,"date":"2014-07-31T00:00:00","date_gmt":"2014-07-30T22:00:00","guid":{"rendered":"https:\/\/mcx.sunlab.eu\/product\/8he-live-rack-51cm-rs-rs-mit-gestanzter-doppelrackschiene-vorne-und-hinten\/"},"modified":"2026-03-25T14:47:18","modified_gmt":"2026-03-25T13:47:18","slug":"8he-live-rack-51cm-rs-rs-mit-gestanzter-doppelrackschiene-vorne-und-hinten","status":"publish","type":"product","link":"https:\/\/megacase.com\/de\/produkt\/8he-live-rack-51cm-rs-rs-mit-gestanzter-doppelrackschiene-vorne-und-hinten\/","title":{"rendered":"8HE Live Rack 51cm RS&#8211;>RS mit gestanzter Doppelrackschiene vorne und hinten"},"content":{"rendered":"<p>7mm Birkenmultiplex phenolharzbeschichtet<br \/>\n8HE Einbauh\u00f6he  19&#8243; Einbaubreite  51cm Nutztiefe zwischen den Rackschienen  2 Deckel (hinten unten mit Kabeldurchlass + 10cm Innentiefe)<br \/>\n4 gefederte Butterfly-Verschl\u00fcsse medium<br \/>\n4 Klappgriffe<br \/>\n25 x 25mm Alukante<br \/>\ngestanzte Doppelrackschiene<br \/>\n4 gro\u00dfe Gummif\u00fc\u00dfe<br \/>\nmedium Stahlkugelecken<br \/>\nhergestellt in Deutschland<\/p>\n","protected":false},"excerpt":{"rendered":"<p>7mm Birkenmultiplex phenolharzbeschichtet 8HE Einbauh\u00f6he 19&#8243; Einbaubreite 51cm Nutztiefe zwischen den Rackschienen 2 Deckel (hinten unten mit Kabeldurchlass + 10cm<\/p>\n","protected":false},"featured_media":25594,"template":"","meta":{"_acf_changed":false},"product_brand":[],"product_cat":[13510],"product_tag":[],"class_list":{"0":"post-52876","1":"product","2":"type-product","3":"status-publish","4":"has-post-thumbnail","6":"product_cat-racks","8":"first","9":"instock","10":"taxable","11":"shipping-taxable","12":"purchasable","13":"product-type-simple"},"acf":[],"_links":{"self":[{"href":"https:\/\/megacase.com\/de\/wp-json\/wp\/v2\/product\/52876","targetHints":{"allow":["GET"]}}],"collection":[{"href":"https:\/\/megacase.com\/de\/wp-json\/wp\/v2\/product"}],"about":[{"href":"https:\/\/megacase.com\/de\/wp-json\/wp\/v2\/types\/product"}],"wp:featuredmedia":[{"embeddable":true,"href":"https:\/\/megacase.com\/de\/wp-json\/wp\/v2\/media\/25594"}],"wp:attachment":[{"href":"https:\/\/megacase.com\/de\/wp-json\/wp\/v2\/media?parent=52876"}],"wp:term":[{"taxonomy":"product_brand","embeddable":true,"href":"https:\/\/megacase.com\/de\/wp-json\/wp\/v2\/product_brand?post=52876"},{"taxonomy":"product_cat","embeddable":true,"href":"https:\/\/megacase.com\/de\/wp-json\/wp\/v2\/product_cat?post=52876"},{"taxonomy":"product_tag","embeddable":true,"href":"https:\/\/megacase.com\/de\/wp-json\/wp\/v2\/product_tag?post=52876"}],"curies":[{"name":"wp","href":"https:\/\/api.w.org\/{rel}","templated":true}]}}