{"id":52875,"date":"2014-07-31T00:00:00","date_gmt":"2014-07-30T22:00:00","guid":{"rendered":"https:\/\/mcx.sunlab.eu\/product\/flightcase-in-red-for-hook-amp-head\/"},"modified":"2026-03-25T14:47:17","modified_gmt":"2026-03-25T13:47:17","slug":"flightcase-in-red-for-hook-amp-head","status":"publish","type":"product","link":"https:\/\/megacase.com\/de\/produkt\/flightcase-in-red-for-hook-amp-head\/","title":{"rendered":"Flightcase in red for Hook Amp head"},"content":{"rendered":"<p>ma\u00dfgefertigtes Haubencase in rot f\u00fcr ein Hook Amp head  aus 7mm Birkenmultiplex rot beschichtet,   30 x 30mm Alukante,   Schaumstoffpolsterung,  2 gefederte Butterfly Verschl\u00fc\u00dfe medium,   2 Klappgriffe,   Stahlkugelecken,  hergestellt in Deutschland  Au\u00dfenma\u00dfe: BxTxH: 502 x 312 x 324 mm  Gewicht: 14,54 kg    Ma\u00dfe von Hook Amp headt  lt Kunden BxTxH 43,5 x 25 x 23,5 + 3,5 cm Griff<\/p>\n","protected":false},"excerpt":{"rendered":"<p>ma\u00dfgefertigtes Haubencase in rot f\u00fcr ein Hook Amp head aus 7mm Birkenmultiplex rot beschichtet, 30 x 30mm Alukante, Schaumstoffpolsterung, 2<\/p>\n","protected":false},"featured_media":25596,"template":"","meta":{"_acf_changed":false},"product_brand":[],"product_cat":[13494],"product_tag":[],"class_list":{"0":"post-52875","1":"product","2":"type-product","3":"status-publish","4":"has-post-thumbnail","6":"product_cat-custom-cases","8":"first","9":"instock","10":"taxable","11":"shipping-taxable","12":"purchasable","13":"product-type-simple"},"acf":[],"_links":{"self":[{"href":"https:\/\/megacase.com\/de\/wp-json\/wp\/v2\/product\/52875","targetHints":{"allow":["GET"]}}],"collection":[{"href":"https:\/\/megacase.com\/de\/wp-json\/wp\/v2\/product"}],"about":[{"href":"https:\/\/megacase.com\/de\/wp-json\/wp\/v2\/types\/product"}],"wp:featuredmedia":[{"embeddable":true,"href":"https:\/\/megacase.com\/de\/wp-json\/wp\/v2\/media\/25596"}],"wp:attachment":[{"href":"https:\/\/megacase.com\/de\/wp-json\/wp\/v2\/media?parent=52875"}],"wp:term":[{"taxonomy":"product_brand","embeddable":true,"href":"https:\/\/megacase.com\/de\/wp-json\/wp\/v2\/product_brand?post=52875"},{"taxonomy":"product_cat","embeddable":true,"href":"https:\/\/megacase.com\/de\/wp-json\/wp\/v2\/product_cat?post=52875"},{"taxonomy":"product_tag","embeddable":true,"href":"https:\/\/megacase.com\/de\/wp-json\/wp\/v2\/product_tag?post=52875"}],"curies":[{"name":"wp","href":"https:\/\/api.w.org\/{rel}","templated":true}]}}