{"id":52874,"date":"2014-07-31T00:00:00","date_gmt":"2014-07-30T22:00:00","guid":{"rendered":"https:\/\/mcx.sunlab.eu\/product\/flightcase-on-wheels-in-red-for-dr-z-z-best\/"},"modified":"2026-03-25T14:47:17","modified_gmt":"2026-03-25T13:47:17","slug":"flightcase-on-wheels-in-red-for-dr-z-z-best","status":"publish","type":"product","link":"https:\/\/megacase.com\/de\/produkt\/flightcase-on-wheels-in-red-for-dr-z-z-best\/","title":{"rendered":"Flightcase on wheels in red for Dr. Z Z best"},"content":{"rendered":"<p>ma\u00dfgefertigtes Haubencase in rot f\u00fcr ein Dr. Z Z best  aus 7mm Birkenmultiplex rot beschichtet,<br \/>\n30 x 30mm Alukante,<br \/>\nSchaumstoffpolsterung,<br \/>\n2 gefederte Butterfly Verschl\u00fc\u00dfe gro\u00df,<br \/>\n2 Klappgriffe,<br \/>\nStahlkugelecken,<br \/>\nhergestellt in Deutschland<br \/>\nAu\u00dfenma\u00dfe: BxTxH: 782 x 414 x 738 mm<br \/>\nGewicht: 22,38 kg<br \/>\nMa\u00dfe von Dr. Z Z best  lt Kunden BxTxH 72 x 35 x 52 cm<\/p>\n","protected":false},"excerpt":{"rendered":"<p>ma\u00dfgefertigtes Haubencase in rot f\u00fcr ein Dr. Z Z best aus 7mm Birkenmultiplex rot beschichtet, 30 x 30mm Alukante, Schaumstoffpolsterung,<\/p>\n","protected":false},"featured_media":25598,"template":"","meta":{"_acf_changed":false},"product_brand":[],"product_cat":[13494],"product_tag":[],"class_list":{"0":"post-52874","1":"product","2":"type-product","3":"status-publish","4":"has-post-thumbnail","6":"product_cat-custom-cases","8":"first","9":"instock","10":"taxable","11":"shipping-taxable","12":"purchasable","13":"product-type-simple"},"acf":[],"_links":{"self":[{"href":"https:\/\/megacase.com\/de\/wp-json\/wp\/v2\/product\/52874","targetHints":{"allow":["GET"]}}],"collection":[{"href":"https:\/\/megacase.com\/de\/wp-json\/wp\/v2\/product"}],"about":[{"href":"https:\/\/megacase.com\/de\/wp-json\/wp\/v2\/types\/product"}],"wp:featuredmedia":[{"embeddable":true,"href":"https:\/\/megacase.com\/de\/wp-json\/wp\/v2\/media\/25598"}],"wp:attachment":[{"href":"https:\/\/megacase.com\/de\/wp-json\/wp\/v2\/media?parent=52874"}],"wp:term":[{"taxonomy":"product_brand","embeddable":true,"href":"https:\/\/megacase.com\/de\/wp-json\/wp\/v2\/product_brand?post=52874"},{"taxonomy":"product_cat","embeddable":true,"href":"https:\/\/megacase.com\/de\/wp-json\/wp\/v2\/product_cat?post=52874"},{"taxonomy":"product_tag","embeddable":true,"href":"https:\/\/megacase.com\/de\/wp-json\/wp\/v2\/product_tag?post=52874"}],"curies":[{"name":"wp","href":"https:\/\/api.w.org\/{rel}","templated":true}]}}