{"id":52873,"date":"2014-07-31T00:00:00","date_gmt":"2014-07-30T22:00:00","guid":{"rendered":"https:\/\/mcx.sunlab.eu\/product\/truhencase-auf-rollen-aus-alu-stucco-800x600x400mm-bxtxh\/"},"modified":"2026-03-25T14:47:17","modified_gmt":"2026-03-25T13:47:17","slug":"truhencase-auf-rollen-aus-alu-stucco-800x600x400mm-bxtxh","status":"publish","type":"product","link":"https:\/\/megacase.com\/de\/produkt\/truhencase-auf-rollen-aus-alu-stucco-800x600x400mm-bxtxh\/","title":{"rendered":"Truhencase auf Rollen aus Alu Stucco 800x600x400mm BxTxH"},"content":{"rendered":"<p>Truhencase auf Rollen (2x gebremst) aus Alu Stucco Silber mit 20mm Schaumstoffpolsterung  und einen abnehmbaren Deckel,<br \/>\nButterflys durch \u00d6se abschlie\u00dfbar mit den Innenma\u00dfen von 800x600x400mm BxTxH;<br \/>\n7mm Birkenmultiplex,<br \/>\n30 x 30mm Alukante,<br \/>\nSchaumstoffpolsterung,<br \/>\n4 gefederte Butterfly-Verschl\u00fc\u00dfe,<br \/>\n4 Klappgriffe,<br \/>\nStahlkugelecken,<br \/>\nhergestellt in Deutschland<br \/>\nAu\u00dfenma\u00dfe: BxTxH: 883 x 684 x 645 mm,<br \/>\nGewicht: 28,16 kg<\/p>\n","protected":false},"excerpt":{"rendered":"<p>Truhencase auf Rollen (2x gebremst) aus Alu Stucco Silber mit 20mm Schaumstoffpolsterung und einen abnehmbaren Deckel, Butterflys durch \u00d6se abschlie\u00dfbar<\/p>\n","protected":false},"featured_media":25601,"template":"","meta":{"_acf_changed":false},"product_brand":[],"product_cat":[13508],"product_tag":[],"class_list":{"0":"post-52873","1":"product","2":"type-product","3":"status-publish","4":"has-post-thumbnail","6":"product_cat-universal-flightcases","8":"first","9":"instock","10":"taxable","11":"shipping-taxable","12":"purchasable","13":"product-type-simple"},"acf":[],"_links":{"self":[{"href":"https:\/\/megacase.com\/de\/wp-json\/wp\/v2\/product\/52873","targetHints":{"allow":["GET"]}}],"collection":[{"href":"https:\/\/megacase.com\/de\/wp-json\/wp\/v2\/product"}],"about":[{"href":"https:\/\/megacase.com\/de\/wp-json\/wp\/v2\/types\/product"}],"wp:featuredmedia":[{"embeddable":true,"href":"https:\/\/megacase.com\/de\/wp-json\/wp\/v2\/media\/25601"}],"wp:attachment":[{"href":"https:\/\/megacase.com\/de\/wp-json\/wp\/v2\/media?parent=52873"}],"wp:term":[{"taxonomy":"product_brand","embeddable":true,"href":"https:\/\/megacase.com\/de\/wp-json\/wp\/v2\/product_brand?post=52873"},{"taxonomy":"product_cat","embeddable":true,"href":"https:\/\/megacase.com\/de\/wp-json\/wp\/v2\/product_cat?post=52873"},{"taxonomy":"product_tag","embeddable":true,"href":"https:\/\/megacase.com\/de\/wp-json\/wp\/v2\/product_tag?post=52873"}],"curies":[{"name":"wp","href":"https:\/\/api.w.org\/{rel}","templated":true}]}}