{"id":52871,"date":"2014-07-30T00:00:00","date_gmt":"2014-07-29T22:00:00","guid":{"rendered":"https:\/\/mcx.sunlab.eu\/product\/winkelcase-auf-rollen-hp-officejet-x576dw-mfp-drucker\/"},"modified":"2026-03-25T14:47:18","modified_gmt":"2026-03-25T13:47:18","slug":"winkelcase-auf-rollen-hp-officejet-x576dw-mfp-drucker","status":"publish","type":"product","link":"https:\/\/megacase.com\/de\/produkt\/winkelcase-auf-rollen-hp-officejet-x576dw-mfp-drucker\/","title":{"rendered":"Winkelcase auf Rollen HP Officejet X576dw MFP Drucker"},"content":{"rendered":"<p>Transportcase auf Rollen (2x gebremst) mit Schaumstoffpolsterung und einen doppelten Boden  f\u00fcr zwei Sch\u00fctten, dar\u00fcber stehend auf zweiten Boden ein HP Officejet X576dw MFP;<br \/>\n7mm Birkenmultiplex,<br \/>\n30 x 30mm Alukante,<br \/>\nSchaumstoffpolsterung,<br \/>\n4 gefederte Butterfly-Verschl\u00fc\u00dfe,<br \/>\n4 Klappgriffe,<br \/>\nStahlkugelecken,<br \/>\nhergestellt in Deutschland<br \/>\nAu\u00dfenma\u00df: BxTxH: 604 x 485 x 1060 mm,<br \/>\nGewicht: 33,30 kg<\/p>\n","protected":false},"excerpt":{"rendered":"<p>Transportcase auf Rollen (2x gebremst) mit Schaumstoffpolsterung und einen doppelten Boden f\u00fcr zwei Sch\u00fctten, dar\u00fcber stehend auf zweiten Boden ein<\/p>\n","protected":false},"featured_media":25605,"template":"","meta":{"_acf_changed":false},"product_brand":[],"product_cat":[13508,16384],"product_tag":[],"class_list":{"0":"post-52871","1":"product","2":"type-product","3":"status-publish","4":"has-post-thumbnail","6":"product_cat-universal-flightcases","7":"product_cat-office-cases","9":"first","10":"instock","11":"taxable","12":"shipping-taxable","13":"purchasable","14":"product-type-simple"},"acf":[],"_links":{"self":[{"href":"https:\/\/megacase.com\/de\/wp-json\/wp\/v2\/product\/52871","targetHints":{"allow":["GET"]}}],"collection":[{"href":"https:\/\/megacase.com\/de\/wp-json\/wp\/v2\/product"}],"about":[{"href":"https:\/\/megacase.com\/de\/wp-json\/wp\/v2\/types\/product"}],"wp:featuredmedia":[{"embeddable":true,"href":"https:\/\/megacase.com\/de\/wp-json\/wp\/v2\/media\/25605"}],"wp:attachment":[{"href":"https:\/\/megacase.com\/de\/wp-json\/wp\/v2\/media?parent=52871"}],"wp:term":[{"taxonomy":"product_brand","embeddable":true,"href":"https:\/\/megacase.com\/de\/wp-json\/wp\/v2\/product_brand?post=52871"},{"taxonomy":"product_cat","embeddable":true,"href":"https:\/\/megacase.com\/de\/wp-json\/wp\/v2\/product_cat?post=52871"},{"taxonomy":"product_tag","embeddable":true,"href":"https:\/\/megacase.com\/de\/wp-json\/wp\/v2\/product_tag?post=52871"}],"curies":[{"name":"wp","href":"https:\/\/api.w.org\/{rel}","templated":true}]}}