{"id":52870,"date":"2014-07-30T00:00:00","date_gmt":"2014-07-29T22:00:00","guid":{"rendered":"https:\/\/mcx.sunlab.eu\/product\/flightcase-fuer-holzwaende-messestand\/"},"modified":"2026-03-25T14:47:18","modified_gmt":"2026-03-25T13:47:18","slug":"flightcase-fuer-holzwaende-messestand","status":"publish","type":"product","link":"https:\/\/megacase.com\/de\/produkt\/flightcase-fuer-holzwaende-messestand\/","title":{"rendered":"Flightcase f\u00fcr Holzw\u00e4nde Messestand"},"content":{"rendered":"<p>Transportcase f\u00fcr einzelne Messew\u00e4nde<br \/>\nInnenma\u00dfe sind: 2500 x 500 x 1150 mm BxTxH<br \/>\n9 mm Multiplex schwarz beschichtet<br \/>\n6 Butterfly-Verschl\u00fcsse medium<br \/>\n6 Klappgriff medium<br \/>\n6 Lenkrollen davon 3 gebremst<br \/>\n8 Stahlkugelecken gro\u00df<br \/>\n2 cm Schaumstoffpolsterung<br \/>\nHergestellt in Deutschland<br \/>\nAu\u00dfenma\u00dfe BxTxH: ca. 2700 x 600 x 1400 mm<br \/>\nGewicht: ca. 105 Kg<\/p>\n","protected":false},"excerpt":{"rendered":"<p>Transportcase f\u00fcr einzelne Messew\u00e4nde Innenma\u00dfe sind: 2500 x 500 x 1150 mm BxTxH 9 mm Multiplex schwarz beschichtet 6 Butterfly-Verschl\u00fcsse<\/p>\n","protected":false},"featured_media":265730,"template":"","meta":{"_acf_changed":false},"product_brand":[],"product_cat":[13509],"product_tag":[],"class_list":{"0":"post-52870","1":"product","2":"type-product","3":"status-publish","4":"has-post-thumbnail","6":"product_cat-truhen-cases","8":"first","9":"instock","10":"taxable","11":"shipping-taxable","12":"purchasable","13":"product-type-simple"},"acf":[],"_links":{"self":[{"href":"https:\/\/megacase.com\/de\/wp-json\/wp\/v2\/product\/52870","targetHints":{"allow":["GET"]}}],"collection":[{"href":"https:\/\/megacase.com\/de\/wp-json\/wp\/v2\/product"}],"about":[{"href":"https:\/\/megacase.com\/de\/wp-json\/wp\/v2\/types\/product"}],"wp:featuredmedia":[{"embeddable":true,"href":"https:\/\/megacase.com\/de\/wp-json\/wp\/v2\/media\/265730"}],"wp:attachment":[{"href":"https:\/\/megacase.com\/de\/wp-json\/wp\/v2\/media?parent=52870"}],"wp:term":[{"taxonomy":"product_brand","embeddable":true,"href":"https:\/\/megacase.com\/de\/wp-json\/wp\/v2\/product_brand?post=52870"},{"taxonomy":"product_cat","embeddable":true,"href":"https:\/\/megacase.com\/de\/wp-json\/wp\/v2\/product_cat?post=52870"},{"taxonomy":"product_tag","embeddable":true,"href":"https:\/\/megacase.com\/de\/wp-json\/wp\/v2\/product_tag?post=52870"}],"curies":[{"name":"wp","href":"https:\/\/api.w.org\/{rel}","templated":true}]}}