{"id":52869,"date":"2014-07-29T00:00:00","date_gmt":"2014-07-28T22:00:00","guid":{"rendered":"https:\/\/mcx.sunlab.eu\/product\/truhencase-aussenmasse-400x630x750mm\/"},"modified":"2026-03-25T14:47:19","modified_gmt":"2026-03-25T13:47:19","slug":"truhencase-aussenmasse-400x630x750mm","status":"publish","type":"product","link":"https:\/\/megacase.com\/de\/produkt\/truhencase-aussenmasse-400x630x750mm\/","title":{"rendered":"Truhencase Au\u00dfenma\u00dfe 400x630x750mm"},"content":{"rendered":"<p>Transportcase in schwarz mit den Au\u00dfenma\u00dfen \u00fcber die flachen Ecken von  400 x 630 x 750mm BxTxH,  mit einem abnehmbaren Deckel oben und einer Serviceklappe;<br \/>\n7mm Birkenmultiplex,<br \/>\n30 x 30mm Alukante,<br \/>\n4 Schnappschl\u00f6\u00dfer,<br \/>\nStahlkugelecken,<br \/>\nhergestellt in Deutschland<br \/>\npassende Ansteckbretter zum erweitern der Stellfl\u00e4che mit folgenden Ma\u00dfen<br \/>\n1x 630x200mm   1x 400x200mm  aus 7mm Birkenmultiplex,<br \/>\nAu\u00dfenma\u00dfe: BxTxH: 640 x 410 753 mm,<br \/>\nGewicht: 13,7 kg<\/p>\n","protected":false},"excerpt":{"rendered":"<p>Transportcase in schwarz mit den Au\u00dfenma\u00dfen \u00fcber die flachen Ecken von 400 x 630 x 750mm BxTxH, mit einem abnehmbaren<\/p>\n","protected":false},"featured_media":25609,"template":"","meta":{"_acf_changed":false},"product_brand":[],"product_cat":[13494],"product_tag":[],"class_list":{"0":"post-52869","1":"product","2":"type-product","3":"status-publish","4":"has-post-thumbnail","6":"product_cat-custom-cases","8":"first","9":"instock","10":"taxable","11":"shipping-taxable","12":"purchasable","13":"product-type-simple"},"acf":[],"_links":{"self":[{"href":"https:\/\/megacase.com\/de\/wp-json\/wp\/v2\/product\/52869","targetHints":{"allow":["GET"]}}],"collection":[{"href":"https:\/\/megacase.com\/de\/wp-json\/wp\/v2\/product"}],"about":[{"href":"https:\/\/megacase.com\/de\/wp-json\/wp\/v2\/types\/product"}],"wp:featuredmedia":[{"embeddable":true,"href":"https:\/\/megacase.com\/de\/wp-json\/wp\/v2\/media\/25609"}],"wp:attachment":[{"href":"https:\/\/megacase.com\/de\/wp-json\/wp\/v2\/media?parent=52869"}],"wp:term":[{"taxonomy":"product_brand","embeddable":true,"href":"https:\/\/megacase.com\/de\/wp-json\/wp\/v2\/product_brand?post=52869"},{"taxonomy":"product_cat","embeddable":true,"href":"https:\/\/megacase.com\/de\/wp-json\/wp\/v2\/product_cat?post=52869"},{"taxonomy":"product_tag","embeddable":true,"href":"https:\/\/megacase.com\/de\/wp-json\/wp\/v2\/product_tag?post=52869"}],"curies":[{"name":"wp","href":"https:\/\/api.w.org\/{rel}","templated":true}]}}