{"id":52865,"date":"2014-07-28T00:00:00","date_gmt":"2014-07-27T22:00:00","guid":{"rendered":"https:\/\/mcx.sunlab.eu\/product\/rack-schrank-auf-rollen-fuer-12-laptops-1he-schublade-fuer-zubehoer\/"},"modified":"2026-03-25T14:47:19","modified_gmt":"2026-03-25T13:47:19","slug":"rack-schrank-auf-rollen-fuer-12-laptops-1he-schublade-fuer-zubehoer","status":"publish","type":"product","link":"https:\/\/megacase.com\/de\/produkt\/rack-schrank-auf-rollen-fuer-12-laptops-1he-schublade-fuer-zubehoer\/","title":{"rendered":"Rack Schrank auf Rollen f\u00fcr 12 Laptops + 1HE Schublade f\u00fcr Zubeh\u00f6r"},"content":{"rendered":"<p>7mm Birkenmultiplex phenolharzbeschichtet<br \/>\n2x Butterfly-Verschluss mit \u00d6se<br \/>\n4x Klappgriff<br \/>\nT\u00fcranschlag links<br \/>\n12 Einsch\u00fcbe mit Inlays f\u00fcr LapTop, Maus und Netzteil 43x38x5cm BxTxH<br \/>\n1x 1HE Rackschublade oben<br \/>\n4x Blue wheels (2xgebremst)<br \/>\nStahlkugelecken<br \/>\nHergestellt in Deutschland<br \/>\nAu\u00dfenma\u00dfe: BxTxH 590 x 583 x 1146 mm<br \/>\nGewicht:schwerer als 60 kg<\/p>\n","protected":false},"excerpt":{"rendered":"<p>7mm Birkenmultiplex phenolharzbeschichtet 2x Butterfly-Verschluss mit \u00d6se 4x Klappgriff T\u00fcranschlag links 12 Einsch\u00fcbe mit Inlays f\u00fcr LapTop, Maus und Netzteil<\/p>\n","protected":false},"featured_media":25617,"template":"","meta":{"_acf_changed":false},"product_brand":[],"product_cat":[13510],"product_tag":[],"class_list":{"0":"post-52865","1":"product","2":"type-product","3":"status-publish","4":"has-post-thumbnail","6":"product_cat-racks","8":"first","9":"instock","10":"taxable","11":"shipping-taxable","12":"purchasable","13":"product-type-simple"},"acf":[],"_links":{"self":[{"href":"https:\/\/megacase.com\/de\/wp-json\/wp\/v2\/product\/52865","targetHints":{"allow":["GET"]}}],"collection":[{"href":"https:\/\/megacase.com\/de\/wp-json\/wp\/v2\/product"}],"about":[{"href":"https:\/\/megacase.com\/de\/wp-json\/wp\/v2\/types\/product"}],"wp:featuredmedia":[{"embeddable":true,"href":"https:\/\/megacase.com\/de\/wp-json\/wp\/v2\/media\/25617"}],"wp:attachment":[{"href":"https:\/\/megacase.com\/de\/wp-json\/wp\/v2\/media?parent=52865"}],"wp:term":[{"taxonomy":"product_brand","embeddable":true,"href":"https:\/\/megacase.com\/de\/wp-json\/wp\/v2\/product_brand?post=52865"},{"taxonomy":"product_cat","embeddable":true,"href":"https:\/\/megacase.com\/de\/wp-json\/wp\/v2\/product_cat?post=52865"},{"taxonomy":"product_tag","embeddable":true,"href":"https:\/\/megacase.com\/de\/wp-json\/wp\/v2\/product_tag?post=52865"}],"curies":[{"name":"wp","href":"https:\/\/api.w.org\/{rel}","templated":true}]}}