{"id":52861,"date":"2014-07-21T00:00:00","date_gmt":"2014-07-20T22:00:00","guid":{"rendered":"https:\/\/mcx.sunlab.eu\/product\/9he-profi-shockmount-rack-in-schwarz-auf-rollen-mit-einer-einbautiefe-von-650mm\/"},"modified":"2026-03-25T14:47:20","modified_gmt":"2026-03-25T13:47:20","slug":"9he-profi-shockmount-rack-in-schwarz-auf-rollen-mit-einer-einbautiefe-von-650mm","status":"publish","type":"product","link":"https:\/\/megacase.com\/de\/produkt\/9he-profi-shockmount-rack-in-schwarz-auf-rollen-mit-einer-einbautiefe-von-650mm\/","title":{"rendered":"9HE Profi Shockmount Rack in schwarz auf Rollen mit einer Einbautiefe von 650mm"},"content":{"rendered":"<p>9HE Profi Shockmount Rack in schwarz auf Rollen (2x gebremst) mit einer Einbautiefe von 650mm,  Rackschiene mit Gummipuffer schwingend gelagert;<br \/>\nbestehend aus 9mm Birkenmultiplex schwarz beschichtet,<br \/>\nvorne 7HE hinten 9HE. Vorne \u00fcber den 7HE Fach mit herausnehmbarem Kasten aus 18mm Birkenmultiplex schwarz lackiert \u00fcber die gesamte Breite mit 18cm Innenh\u00f6he und 50cm Tiefe.<br \/>\nAusziehboden unten<br \/>\ngestanzte Rackschiene vorne und hinten, inkl. Befestigungsmaterial,<br \/>\njede Rackschiene wird durch 5 Gummipuffer einzeln gefedert<br \/>\nseitliche Holzwangen f\u00fcr besseren Schutz der Ger\u00e4te,<br \/>\n30 x 30 mm Alukante,<br \/>\n4 gefederte Butterfly-Verschl\u00fc\u00dfe medium<br \/>\n4 Klappgriffe,<br \/>\ngro\u00dfe Stahlkugelecken,<br \/>\n4x 100 mm Lenkrollen davon 2 gebremst (450kg Tragkraft),<br \/>\nSchaumstoffpolsterung im Deckel vorne und hinten,<br \/>\nhergestellt in Deutschland.<br \/>\nAu\u00dfenma\u00df: BxTxH. 620 x 790 x 760 mm<br \/>\nGewicht: 47,88 kg<\/p>\n","protected":false},"excerpt":{"rendered":"<p>9HE Profi Shockmount Rack in schwarz auf Rollen (2x gebremst) mit einer Einbautiefe von 650mm, Rackschiene mit Gummipuffer schwingend gelagert;<\/p>\n","protected":false},"featured_media":25625,"template":"","meta":{"_acf_changed":false},"product_brand":[],"product_cat":[13510],"product_tag":[14027],"class_list":{"0":"post-52861","1":"product","2":"type-product","3":"status-publish","4":"has-post-thumbnail","6":"product_cat-racks","7":"product_tag-shockmount","9":"first","10":"instock","11":"taxable","12":"shipping-taxable","13":"purchasable","14":"product-type-simple"},"acf":[],"_links":{"self":[{"href":"https:\/\/megacase.com\/de\/wp-json\/wp\/v2\/product\/52861","targetHints":{"allow":["GET"]}}],"collection":[{"href":"https:\/\/megacase.com\/de\/wp-json\/wp\/v2\/product"}],"about":[{"href":"https:\/\/megacase.com\/de\/wp-json\/wp\/v2\/types\/product"}],"wp:featuredmedia":[{"embeddable":true,"href":"https:\/\/megacase.com\/de\/wp-json\/wp\/v2\/media\/25625"}],"wp:attachment":[{"href":"https:\/\/megacase.com\/de\/wp-json\/wp\/v2\/media?parent=52861"}],"wp:term":[{"taxonomy":"product_brand","embeddable":true,"href":"https:\/\/megacase.com\/de\/wp-json\/wp\/v2\/product_brand?post=52861"},{"taxonomy":"product_cat","embeddable":true,"href":"https:\/\/megacase.com\/de\/wp-json\/wp\/v2\/product_cat?post=52861"},{"taxonomy":"product_tag","embeddable":true,"href":"https:\/\/megacase.com\/de\/wp-json\/wp\/v2\/product_tag?post=52861"}],"curies":[{"name":"wp","href":"https:\/\/api.w.org\/{rel}","templated":true}]}}