{"id":52860,"date":"2014-07-18T00:00:00","date_gmt":"2014-07-17T22:00:00","guid":{"rendered":"https:\/\/mcx.sunlab.eu\/product\/transportcase-apple-imac-27-mit-zubehoerfach\/"},"modified":"2026-03-25T14:47:20","modified_gmt":"2026-03-25T13:47:20","slug":"transportcase-apple-imac-27-mit-zubehoerfach","status":"publish","type":"product","link":"https:\/\/megacase.com\/de\/produkt\/transportcase-apple-imac-27-mit-zubehoerfach\/","title":{"rendered":"Flightcase Apple iMac 27&#8243;"},"content":{"rendered":"<p>ma\u00dfgefertigtes Transportcase f\u00fcr Apple iMac 27&#8243; Computer (Modell 2012) inkl. Zubeh\u00f6rfach rechts daneben (15cm breit) zus\u00e4tzlich zwei kleine F\u00e4cher hinter dem iMac, rechtes Fach 140 x 60 x 280 mm BxTxH, linkes Fach 140 x 60 x 150 mm BxTxH,<br \/>\naus 7mm Birkenmultiplex<br \/>\n25 x 25mm Alukante<br \/>\nSchaumstoffpolsterung<br \/>\n2 x gefederte Butterfly-Verschl\u00fcsse medium<br \/>\n3 x Klappgriff<br \/>\nStahlkugelecken<br \/>\nhergestellt in Deutschland<br \/>\nAu\u00dfenma\u00dfe: B x T x H: 914 x 274 x 603 mm<br \/>\nGewicht: 16,30 kg<\/p>\n","protected":false},"excerpt":{"rendered":"<p>ma\u00dfgefertigtes Transportcase f\u00fcr Apple iMac 27&#8243; Computer (Modell 2012) inkl. Zubeh\u00f6rfach rechts daneben (15cm breit) zus\u00e4tzlich zwei kleine F\u00e4cher hinter<\/p>\n","protected":false},"featured_media":194451,"template":"","meta":{"_acf_changed":false},"product_brand":[],"product_cat":[13576],"product_tag":[14243],"class_list":{"0":"post-52860","1":"product","2":"type-product","3":"status-publish","4":"has-post-thumbnail","6":"product_cat-cases-fuer-computer-und-zubehoer","7":"product_tag-apple","9":"first","10":"instock","11":"taxable","12":"shipping-taxable","13":"purchasable","14":"product-type-simple"},"acf":[],"_links":{"self":[{"href":"https:\/\/megacase.com\/de\/wp-json\/wp\/v2\/product\/52860","targetHints":{"allow":["GET"]}}],"collection":[{"href":"https:\/\/megacase.com\/de\/wp-json\/wp\/v2\/product"}],"about":[{"href":"https:\/\/megacase.com\/de\/wp-json\/wp\/v2\/types\/product"}],"wp:featuredmedia":[{"embeddable":true,"href":"https:\/\/megacase.com\/de\/wp-json\/wp\/v2\/media\/194451"}],"wp:attachment":[{"href":"https:\/\/megacase.com\/de\/wp-json\/wp\/v2\/media?parent=52860"}],"wp:term":[{"taxonomy":"product_brand","embeddable":true,"href":"https:\/\/megacase.com\/de\/wp-json\/wp\/v2\/product_brand?post=52860"},{"taxonomy":"product_cat","embeddable":true,"href":"https:\/\/megacase.com\/de\/wp-json\/wp\/v2\/product_cat?post=52860"},{"taxonomy":"product_tag","embeddable":true,"href":"https:\/\/megacase.com\/de\/wp-json\/wp\/v2\/product_tag?post=52860"}],"curies":[{"name":"wp","href":"https:\/\/api.w.org\/{rel}","templated":true}]}}