{"id":52847,"date":"2014-07-02T00:00:00","date_gmt":"2014-07-01T22:00:00","guid":{"rendered":"https:\/\/mcx.sunlab.eu\/product\/keyboardcase-mit-zubehoerfach-links-20cm-fuer-korg-krome-61im-case-spielbar\/"},"modified":"2026-03-25T14:47:23","modified_gmt":"2026-03-25T13:47:23","slug":"keyboardcase-mit-zubehoerfach-links-20cm-fuer-korg-krome-61im-case-spielbar","status":"publish","type":"product","link":"https:\/\/megacase.com\/de\/produkt\/keyboardcase-mit-zubehoerfach-links-20cm-fuer-korg-krome-61im-case-spielbar\/","title":{"rendered":"Keyboardcase mit Zubeh\u00f6rfach links 20cm f\u00fcr Korg Krome 61im Case spielbar"},"content":{"rendered":"<p>Keyboardcase f\u00fcr Korg Krome 61   mit Zubeh\u00f6rfach links 20cm<br \/>\nGer\u00e4t im Case spielbar<br \/>\naus 7mm Birkenmultiplex phenolharzbeschichtet<br \/>\n3x Schnappschloss<br \/>\n2x Aush\u00e4ngescharnier<br \/>\n1x Ledergriff<br \/>\nmind. 1cm Schaumstoffpolsterung<br \/>\nStahlkugelecken<br \/>\nHergestellt in Deutschland<\/p>\n","protected":false},"excerpt":{"rendered":"<p>Keyboardcase f\u00fcr Korg Krome 61 mit Zubeh\u00f6rfach links 20cm Ger\u00e4t im Case spielbar aus 7mm Birkenmultiplex phenolharzbeschichtet 3x Schnappschloss 2x<\/p>\n","protected":false},"featured_media":25653,"template":"","meta":{"_acf_changed":false},"product_brand":[],"product_cat":[13511],"product_tag":[],"class_list":{"0":"post-52847","1":"product","2":"type-product","3":"status-publish","4":"has-post-thumbnail","6":"product_cat-keyboard-cases","8":"first","9":"instock","10":"taxable","11":"shipping-taxable","12":"purchasable","13":"product-type-simple"},"acf":[],"_links":{"self":[{"href":"https:\/\/megacase.com\/de\/wp-json\/wp\/v2\/product\/52847","targetHints":{"allow":["GET"]}}],"collection":[{"href":"https:\/\/megacase.com\/de\/wp-json\/wp\/v2\/product"}],"about":[{"href":"https:\/\/megacase.com\/de\/wp-json\/wp\/v2\/types\/product"}],"wp:featuredmedia":[{"embeddable":true,"href":"https:\/\/megacase.com\/de\/wp-json\/wp\/v2\/media\/25653"}],"wp:attachment":[{"href":"https:\/\/megacase.com\/de\/wp-json\/wp\/v2\/media?parent=52847"}],"wp:term":[{"taxonomy":"product_brand","embeddable":true,"href":"https:\/\/megacase.com\/de\/wp-json\/wp\/v2\/product_brand?post=52847"},{"taxonomy":"product_cat","embeddable":true,"href":"https:\/\/megacase.com\/de\/wp-json\/wp\/v2\/product_cat?post=52847"},{"taxonomy":"product_tag","embeddable":true,"href":"https:\/\/megacase.com\/de\/wp-json\/wp\/v2\/product_tag?post=52847"}],"curies":[{"name":"wp","href":"https:\/\/api.w.org\/{rel}","templated":true}]}}