{"id":52845,"date":"2014-06-30T00:00:00","date_gmt":"2014-06-29T22:00:00","guid":{"rendered":"https:\/\/mcx.sunlab.eu\/product\/truhencase-mit-den-innenmassen-von-700-x-500-x-300mm-bxtxh\/"},"modified":"2026-03-25T14:47:24","modified_gmt":"2026-03-25T13:47:24","slug":"truhencase-mit-den-innenmassen-von-700-x-500-x-300mm-bxtxh","status":"publish","type":"product","link":"https:\/\/megacase.com\/de\/produkt\/truhencase-mit-den-innenmassen-von-700-x-500-x-300mm-bxtxh\/","title":{"rendered":"Truhencase 700 x 500 x 300mm BxTxH"},"content":{"rendered":"<p>Transportcase mit den Innenma\u00dfen von 700 x 500 x 300mm BxTxH komplett ausgef\u00fcllt mit 20mm starken feinporigen Schaumstoffplatten zum selbstanpassen der Ger\u00e4te;<br \/>\n7mm Birkenmultiplex,<br \/>\n30 x 30mm Alukante,<br \/>\n2 gefederte Butterfly-Verschl\u00fc\u00dfe,<br \/>\n4 Klappgriffe,<br \/>\nStahlkugelecken,<br \/>\nhergestellt in Deutschland<br \/>\nAu\u00dfenma\u00dfe ca. BxTxH: 744 x 540 x 390 mm<br \/>\nGewicht ca. 11,9 kg ohne Schaumstoff<\/p>\n","protected":false},"excerpt":{"rendered":"<p>Transportcase mit den Innenma\u00dfen von 700 x 500 x 300mm BxTxH komplett ausgef\u00fcllt mit 20mm starken feinporigen Schaumstoffplatten zum selbstanpassen<\/p>\n","protected":false},"featured_media":25657,"template":"","meta":{"_acf_changed":false},"product_brand":[],"product_cat":[13509],"product_tag":[],"class_list":{"0":"post-52845","1":"product","2":"type-product","3":"status-publish","4":"has-post-thumbnail","6":"product_cat-truhen-cases","8":"first","9":"instock","10":"taxable","11":"shipping-taxable","12":"purchasable","13":"product-type-simple"},"acf":[],"_links":{"self":[{"href":"https:\/\/megacase.com\/de\/wp-json\/wp\/v2\/product\/52845","targetHints":{"allow":["GET"]}}],"collection":[{"href":"https:\/\/megacase.com\/de\/wp-json\/wp\/v2\/product"}],"about":[{"href":"https:\/\/megacase.com\/de\/wp-json\/wp\/v2\/types\/product"}],"wp:featuredmedia":[{"embeddable":true,"href":"https:\/\/megacase.com\/de\/wp-json\/wp\/v2\/media\/25657"}],"wp:attachment":[{"href":"https:\/\/megacase.com\/de\/wp-json\/wp\/v2\/media?parent=52845"}],"wp:term":[{"taxonomy":"product_brand","embeddable":true,"href":"https:\/\/megacase.com\/de\/wp-json\/wp\/v2\/product_brand?post=52845"},{"taxonomy":"product_cat","embeddable":true,"href":"https:\/\/megacase.com\/de\/wp-json\/wp\/v2\/product_cat?post=52845"},{"taxonomy":"product_tag","embeddable":true,"href":"https:\/\/megacase.com\/de\/wp-json\/wp\/v2\/product_tag?post=52845"}],"curies":[{"name":"wp","href":"https:\/\/api.w.org\/{rel}","templated":true}]}}