{"id":52844,"date":"2014-06-30T00:00:00","date_gmt":"2014-06-29T22:00:00","guid":{"rendered":"https:\/\/mcx.sunlab.eu\/product\/koffercase-kunststoff-aussenmassen-680-x-280-x-420mm-bxtxh\/"},"modified":"2026-03-25T14:47:23","modified_gmt":"2026-03-25T13:47:23","slug":"koffercase-kunststoff-aussenmassen-680-x-280-x-420mm-bxtxh","status":"publish","type":"product","link":"https:\/\/megacase.com\/de\/produkt\/koffercase-kunststoff-aussenmassen-680-x-280-x-420mm-bxtxh\/","title":{"rendered":"Koffercase Kunststoff Au\u00dfenma\u00dfen 680 x 280 x 420mm BxTxH"},"content":{"rendered":"<p>Koffercase mit den Au\u00dfenma\u00dfen von Winkel zu Winkel 680 x 280 x 420mm BxTxH;<br \/>\n7mm Wabenkunststoff,<br \/>\n25 x 25mm Alukante,<br \/>\n2 Schnappschl\u00f6\u00dfer,<br \/>\n1 Klappgriff,<br \/>\n2 Feststellscharniere<br \/>\nStahlkugelecken,<br \/>\nhergestellt in Deutschland<br \/>\nAu\u00dfenma\u00dfe:BxTxH: 700 x 300 x 440 mm<br \/>\nGewicht: 5,54 kg<\/p>\n","protected":false},"excerpt":{"rendered":"<p>Koffercase mit den Au\u00dfenma\u00dfen von Winkel zu Winkel 680 x 280 x 420mm BxTxH; 7mm Wabenkunststoff, 25 x 25mm Alukante,<\/p>\n","protected":false},"featured_media":25661,"template":"","meta":{"_acf_changed":false},"product_brand":[],"product_cat":[13508],"product_tag":[],"class_list":{"0":"post-52844","1":"product","2":"type-product","3":"status-publish","4":"has-post-thumbnail","6":"product_cat-universal-flightcases","8":"first","9":"instock","10":"taxable","11":"shipping-taxable","12":"purchasable","13":"product-type-simple"},"acf":[],"_links":{"self":[{"href":"https:\/\/megacase.com\/de\/wp-json\/wp\/v2\/product\/52844","targetHints":{"allow":["GET"]}}],"collection":[{"href":"https:\/\/megacase.com\/de\/wp-json\/wp\/v2\/product"}],"about":[{"href":"https:\/\/megacase.com\/de\/wp-json\/wp\/v2\/types\/product"}],"wp:featuredmedia":[{"embeddable":true,"href":"https:\/\/megacase.com\/de\/wp-json\/wp\/v2\/media\/25661"}],"wp:attachment":[{"href":"https:\/\/megacase.com\/de\/wp-json\/wp\/v2\/media?parent=52844"}],"wp:term":[{"taxonomy":"product_brand","embeddable":true,"href":"https:\/\/megacase.com\/de\/wp-json\/wp\/v2\/product_brand?post=52844"},{"taxonomy":"product_cat","embeddable":true,"href":"https:\/\/megacase.com\/de\/wp-json\/wp\/v2\/product_cat?post=52844"},{"taxonomy":"product_tag","embeddable":true,"href":"https:\/\/megacase.com\/de\/wp-json\/wp\/v2\/product_tag?post=52844"}],"curies":[{"name":"wp","href":"https:\/\/api.w.org\/{rel}","templated":true}]}}