{"id":52836,"date":"2014-06-13T00:00:00","date_gmt":"2014-06-12T22:00:00","guid":{"rendered":"https:\/\/mcx.sunlab.eu\/product\/koffercase-epson-eh-tw-9200w\/"},"modified":"2026-03-25T14:47:25","modified_gmt":"2026-03-25T13:47:25","slug":"koffercase-epson-eh-tw-9200w","status":"publish","type":"product","link":"https:\/\/megacase.com\/de\/produkt\/koffercase-epson-eh-tw-9200w\/","title":{"rendered":"Koffercase Epson EH-TW-9200W"},"content":{"rendered":"<p>Transportkoffer mit Schaumstoffpolsterung und einem 15cm breiten Zubeh\u00f6rfach  f\u00fcr ein Epson EH-TW-9200W inkl. diverses Zubeh\u00f6r;<br \/>\n7mm Birkenmultiplex,<br \/>\n25 x 25mm Alukante,<br \/>\nSchaumstoffpolsterung,<br \/>\n2 gefederte Butterfly-Verschl\u00fc\u00dfe,<br \/>\n1 Koffergriffe,<br \/>\nStahlkugelecken,<br \/>\nhergestellt in Deutschland<\/p>\n","protected":false},"excerpt":{"rendered":"<p>Transportkoffer mit Schaumstoffpolsterung und einem 15cm breiten Zubeh\u00f6rfach f\u00fcr ein Epson EH-TW-9200W inkl. diverses Zubeh\u00f6r; 7mm Birkenmultiplex, 25 x 25mm<\/p>\n","protected":false},"featured_media":25679,"template":"","meta":{"_acf_changed":false},"product_brand":[],"product_cat":[13508],"product_tag":[],"class_list":{"0":"post-52836","1":"product","2":"type-product","3":"status-publish","4":"has-post-thumbnail","6":"product_cat-universal-flightcases","8":"first","9":"instock","10":"taxable","11":"shipping-taxable","12":"purchasable","13":"product-type-simple"},"acf":[],"_links":{"self":[{"href":"https:\/\/megacase.com\/de\/wp-json\/wp\/v2\/product\/52836","targetHints":{"allow":["GET"]}}],"collection":[{"href":"https:\/\/megacase.com\/de\/wp-json\/wp\/v2\/product"}],"about":[{"href":"https:\/\/megacase.com\/de\/wp-json\/wp\/v2\/types\/product"}],"wp:featuredmedia":[{"embeddable":true,"href":"https:\/\/megacase.com\/de\/wp-json\/wp\/v2\/media\/25679"}],"wp:attachment":[{"href":"https:\/\/megacase.com\/de\/wp-json\/wp\/v2\/media?parent=52836"}],"wp:term":[{"taxonomy":"product_brand","embeddable":true,"href":"https:\/\/megacase.com\/de\/wp-json\/wp\/v2\/product_brand?post=52836"},{"taxonomy":"product_cat","embeddable":true,"href":"https:\/\/megacase.com\/de\/wp-json\/wp\/v2\/product_cat?post=52836"},{"taxonomy":"product_tag","embeddable":true,"href":"https:\/\/megacase.com\/de\/wp-json\/wp\/v2\/product_tag?post=52836"}],"curies":[{"name":"wp","href":"https:\/\/api.w.org\/{rel}","templated":true}]}}