{"id":52835,"date":"2014-06-12T00:00:00","date_gmt":"2014-06-11T22:00:00","guid":{"rendered":"https:\/\/mcx.sunlab.eu\/product\/dj-konsole-fuer-behringer-eurorack-ub1832fx-pro-2-faecher-fuer-laptops\/"},"modified":"2026-03-25T14:47:25","modified_gmt":"2026-03-25T13:47:25","slug":"dj-konsole-fuer-behringer-eurorack-ub1832fx-pro-2-faecher-fuer-laptops","status":"publish","type":"product","link":"https:\/\/megacase.com\/de\/produkt\/dj-konsole-fuer-behringer-eurorack-ub1832fx-pro-2-faecher-fuer-laptops\/","title":{"rendered":"DJ Konsole f\u00fcr Behringer  EURORACK UB1832FX-PRO + 2 F\u00e4cher f\u00fcr LapTops"},"content":{"rendered":"<p>Mischpult in der Mitte mit Rackschienen mit leichter Schr\u00e4gstellung  links und rechts davon 2 F\u00e4cher 50x40x20cm<br \/>\n7mm Birkenmultiplex phenolharzbeschichtet<br \/>\n4x Butterfly-Verschluss<br \/>\n3x Klappgriff<br \/>\n1cm Schaumstoffpolsterung<br \/>\nStahlkugelecken<br \/>\nHergestellt in Deutschland<br \/>\nAbbildung \u00e4hnlich<\/p>\n","protected":false},"excerpt":{"rendered":"<p>Mischpult in der Mitte mit Rackschienen mit leichter Schr\u00e4gstellung links und rechts davon 2 F\u00e4cher 50x40x20cm 7mm Birkenmultiplex phenolharzbeschichtet 4x<\/p>\n","protected":false},"featured_media":25681,"template":"","meta":{"_acf_changed":false},"product_brand":[],"product_cat":[13500,13490,13493],"product_tag":[14167],"class_list":{"0":"post-52835","1":"product","2":"type-product","3":"status-publish","4":"has-post-thumbnail","6":"product_cat-behringer-case","7":"product_cat-hersteller","8":"product_cat-dj-equipment-cases","9":"product_tag-behringer","11":"first","12":"instock","13":"taxable","14":"shipping-taxable","15":"purchasable","16":"product-type-simple"},"acf":[],"_links":{"self":[{"href":"https:\/\/megacase.com\/de\/wp-json\/wp\/v2\/product\/52835","targetHints":{"allow":["GET"]}}],"collection":[{"href":"https:\/\/megacase.com\/de\/wp-json\/wp\/v2\/product"}],"about":[{"href":"https:\/\/megacase.com\/de\/wp-json\/wp\/v2\/types\/product"}],"wp:featuredmedia":[{"embeddable":true,"href":"https:\/\/megacase.com\/de\/wp-json\/wp\/v2\/media\/25681"}],"wp:attachment":[{"href":"https:\/\/megacase.com\/de\/wp-json\/wp\/v2\/media?parent=52835"}],"wp:term":[{"taxonomy":"product_brand","embeddable":true,"href":"https:\/\/megacase.com\/de\/wp-json\/wp\/v2\/product_brand?post=52835"},{"taxonomy":"product_cat","embeddable":true,"href":"https:\/\/megacase.com\/de\/wp-json\/wp\/v2\/product_cat?post=52835"},{"taxonomy":"product_tag","embeddable":true,"href":"https:\/\/megacase.com\/de\/wp-json\/wp\/v2\/product_tag?post=52835"}],"curies":[{"name":"wp","href":"https:\/\/api.w.org\/{rel}","templated":true}]}}