{"id":52834,"date":"2014-06-11T00:00:00","date_gmt":"2014-06-10T22:00:00","guid":{"rendered":"https:\/\/mcx.sunlab.eu\/product\/photoboothturm-schwarz-auf-rollen\/"},"modified":"2026-03-25T14:47:25","modified_gmt":"2026-03-25T13:47:25","slug":"photoboothturm-schwarz-auf-rollen","status":"publish","type":"product","link":"https:\/\/megacase.com\/de\/produkt\/photoboothturm-schwarz-auf-rollen\/","title":{"rendered":"Photoboothturm schwarz auf Rollen"},"content":{"rendered":"<p>bestehend aus 3 Einzelteilen<br \/>\n1.)  Haubencase in schwarz mit Schaumstoffpolsterung und Gummif\u00fc\u00dfen  f\u00fcr eine Photobooth-Box mit den Ma\u00dfen von H64cm T55cm B48,5;<br \/>\n7mm Birkenmultiplex,<br \/>\n30 x 30mm Alukante,<br \/>\nSchaumstoffpolsterung,<br \/>\n4 gefederte Butterfly-Verschl\u00fc\u00dfe,<br \/>\n4 Klappgriffe,<br \/>\nStahlkugelecken,<br \/>\nhergestellt in Deutschland<br \/>\n2.)  Rollbrett mit Einfr\u00e4sungen f\u00fcr Gummif\u00fc\u00dfe der Potobox-Haube<br \/>\n3.)  Zubeh\u00f6rcase in schwarz passend f\u00fcr Photobooth Haubencase mit Overlatch-Verbinder,<br \/>\nGrundfl\u00e4che identisch wie Haubencase H\u00f6he zusammen (ohne Rollen ) nicht h\u00f6her als 95cm;<br \/>\n7mm Birkenmultiplex,<br \/>\n25 x 25mm Alukante,<br \/>\nSchaumstoffpolsterung,<br \/>\n2 gefederte Butterfly-Verschl\u00fc\u00dfe,<br \/>\n2 Klappgriffe,<br \/>\nStahlkugelecken,<br \/>\nhergestellt in Deutschland<\/p>\n","protected":false},"excerpt":{"rendered":"<p>bestehend aus 3 Einzelteilen 1.) Haubencase in schwarz mit Schaumstoffpolsterung und Gummif\u00fc\u00dfen f\u00fcr eine Photobooth-Box mit den Ma\u00dfen von H64cm<\/p>\n","protected":false},"featured_media":25683,"template":"","meta":{"_acf_changed":false},"product_brand":[],"product_cat":[13508],"product_tag":[],"class_list":{"0":"post-52834","1":"product","2":"type-product","3":"status-publish","4":"has-post-thumbnail","6":"product_cat-universal-flightcases","8":"first","9":"instock","10":"taxable","11":"shipping-taxable","12":"purchasable","13":"product-type-simple"},"acf":[],"_links":{"self":[{"href":"https:\/\/megacase.com\/de\/wp-json\/wp\/v2\/product\/52834","targetHints":{"allow":["GET"]}}],"collection":[{"href":"https:\/\/megacase.com\/de\/wp-json\/wp\/v2\/product"}],"about":[{"href":"https:\/\/megacase.com\/de\/wp-json\/wp\/v2\/types\/product"}],"wp:featuredmedia":[{"embeddable":true,"href":"https:\/\/megacase.com\/de\/wp-json\/wp\/v2\/media\/25683"}],"wp:attachment":[{"href":"https:\/\/megacase.com\/de\/wp-json\/wp\/v2\/media?parent=52834"}],"wp:term":[{"taxonomy":"product_brand","embeddable":true,"href":"https:\/\/megacase.com\/de\/wp-json\/wp\/v2\/product_brand?post=52834"},{"taxonomy":"product_cat","embeddable":true,"href":"https:\/\/megacase.com\/de\/wp-json\/wp\/v2\/product_cat?post=52834"},{"taxonomy":"product_tag","embeddable":true,"href":"https:\/\/megacase.com\/de\/wp-json\/wp\/v2\/product_tag?post=52834"}],"curies":[{"name":"wp","href":"https:\/\/api.w.org\/{rel}","templated":true}]}}