{"id":52833,"date":"2014-06-11T00:00:00","date_gmt":"2014-06-10T22:00:00","guid":{"rendered":"https:\/\/mcx.sunlab.eu\/product\/mixercase-soundcraft-m-4\/"},"modified":"2026-03-25T14:47:25","modified_gmt":"2026-03-25T13:47:25","slug":"mixercase-soundcraft-m-4","status":"publish","type":"product","link":"https:\/\/megacase.com\/de\/produkt\/mixercase-soundcraft-m-4\/","title":{"rendered":"Mixercase Soundcraft M-4"},"content":{"rendered":"<p>ma\u00dfgefertigtes Haubencase f\u00fcr Soundcraft M-4<br \/>\naus 7mm Birkenmultiplex,<br \/>\n30 x 30mm Alukante,<br \/>\nSchaumstoffpolsterung,<br \/>\n2 gefederte Butterfly-verschl\u00fc\u00dfe medium,<br \/>\n1 Klappgriff,<br \/>\nStahlkugelecken,<br \/>\n4 Gummif\u00fc\u00dfe,<br \/>\nhergestellt in Deutschland, <\/p>\n","protected":false},"excerpt":{"rendered":"<p>ma\u00dfgefertigtes Haubencase f\u00fcr Soundcraft M-4 aus 7mm Birkenmultiplex, 30 x 30mm Alukante, Schaumstoffpolsterung, 2 gefederte Butterfly-verschl\u00fc\u00dfe medium, 1 Klappgriff, Stahlkugelecken,<\/p>\n","protected":false},"featured_media":25685,"template":"","meta":{"_acf_changed":false},"product_brand":[],"product_cat":[13508],"product_tag":[],"class_list":{"0":"post-52833","1":"product","2":"type-product","3":"status-publish","4":"has-post-thumbnail","6":"product_cat-universal-flightcases","8":"first","9":"instock","10":"taxable","11":"shipping-taxable","12":"purchasable","13":"product-type-simple"},"acf":[],"_links":{"self":[{"href":"https:\/\/megacase.com\/de\/wp-json\/wp\/v2\/product\/52833","targetHints":{"allow":["GET"]}}],"collection":[{"href":"https:\/\/megacase.com\/de\/wp-json\/wp\/v2\/product"}],"about":[{"href":"https:\/\/megacase.com\/de\/wp-json\/wp\/v2\/types\/product"}],"wp:featuredmedia":[{"embeddable":true,"href":"https:\/\/megacase.com\/de\/wp-json\/wp\/v2\/media\/25685"}],"wp:attachment":[{"href":"https:\/\/megacase.com\/de\/wp-json\/wp\/v2\/media?parent=52833"}],"wp:term":[{"taxonomy":"product_brand","embeddable":true,"href":"https:\/\/megacase.com\/de\/wp-json\/wp\/v2\/product_brand?post=52833"},{"taxonomy":"product_cat","embeddable":true,"href":"https:\/\/megacase.com\/de\/wp-json\/wp\/v2\/product_cat?post=52833"},{"taxonomy":"product_tag","embeddable":true,"href":"https:\/\/megacase.com\/de\/wp-json\/wp\/v2\/product_tag?post=52833"}],"curies":[{"name":"wp","href":"https:\/\/api.w.org\/{rel}","templated":true}]}}