{"id":52831,"date":"2014-06-10T00:00:00","date_gmt":"2014-06-09T22:00:00","guid":{"rendered":"https:\/\/mcx.sunlab.eu\/product\/controller-case-pioneer-ddj-sx\/"},"modified":"2026-03-25T14:47:26","modified_gmt":"2026-03-25T13:47:26","slug":"controller-case-pioneer-ddj-sx","status":"publish","type":"product","link":"https:\/\/megacase.com\/de\/produkt\/controller-case-pioneer-ddj-sx\/","title":{"rendered":"Controller Case Pioneer DDJ SX"},"content":{"rendered":"<p>ma\u00dfgefertigtes Flightcase f\u00fcr Pioneer DDJ-SX  aus 7mm Birkenmultiplex,<br \/>\n22 x 22mm Alukante,<br \/>\nSchaumstoffpolsterung,<br \/>\n4 gefederte Butterfly-Verschl\u00fc\u00dfe klein,<br \/>\n1 Ledergriff,<br \/>\nStahlkugelecken klein,<br \/>\nServiceklappe vorne,<br \/>\n9cm Kabelkanal hinten,<br \/>\nGer\u00e4t kann im Unterteil bedient werden<br \/>\nhergestellt in Deutschland,<br \/>\nAu\u00dfenma\u00dfe ca. 74 x 52 x 14,5 cm BxTxH,<br \/>\nGewicht ca. 7,1 kg,<br \/>\nGewicht mit DDJ-SX ca. 12,8 kg.<\/p>\n","protected":false},"excerpt":{"rendered":"<p>ma\u00dfgefertigtes Flightcase f\u00fcr Pioneer DDJ-SX aus 7mm Birkenmultiplex, 22 x 22mm Alukante, Schaumstoffpolsterung, 4 gefederte Butterfly-Verschl\u00fc\u00dfe klein, 1 Ledergriff, Stahlkugelecken<\/p>\n","protected":false},"featured_media":25689,"template":"","meta":{"_acf_changed":false},"product_brand":[],"product_cat":[13493],"product_tag":[13757],"class_list":{"0":"post-52831","1":"product","2":"type-product","3":"status-publish","4":"has-post-thumbnail","6":"product_cat-dj-equipment-cases","7":"product_tag-pioneer","9":"first","10":"instock","11":"taxable","12":"shipping-taxable","13":"purchasable","14":"product-type-simple"},"acf":[],"_links":{"self":[{"href":"https:\/\/megacase.com\/de\/wp-json\/wp\/v2\/product\/52831","targetHints":{"allow":["GET"]}}],"collection":[{"href":"https:\/\/megacase.com\/de\/wp-json\/wp\/v2\/product"}],"about":[{"href":"https:\/\/megacase.com\/de\/wp-json\/wp\/v2\/types\/product"}],"wp:featuredmedia":[{"embeddable":true,"href":"https:\/\/megacase.com\/de\/wp-json\/wp\/v2\/media\/25689"}],"wp:attachment":[{"href":"https:\/\/megacase.com\/de\/wp-json\/wp\/v2\/media?parent=52831"}],"wp:term":[{"taxonomy":"product_brand","embeddable":true,"href":"https:\/\/megacase.com\/de\/wp-json\/wp\/v2\/product_brand?post=52831"},{"taxonomy":"product_cat","embeddable":true,"href":"https:\/\/megacase.com\/de\/wp-json\/wp\/v2\/product_cat?post=52831"},{"taxonomy":"product_tag","embeddable":true,"href":"https:\/\/megacase.com\/de\/wp-json\/wp\/v2\/product_tag?post=52831"}],"curies":[{"name":"wp","href":"https:\/\/api.w.org\/{rel}","templated":true}]}}