{"id":52819,"date":"2014-05-23T00:00:00","date_gmt":"2014-05-22T22:00:00","guid":{"rendered":"https:\/\/mcx.sunlab.eu\/product\/flightcase-fuer-8-stueck-litecraft-powerbar-2-mit-erweiterungsring-fuer-weitere-8\/"},"modified":"2026-03-25T14:47:28","modified_gmt":"2026-03-25T13:47:28","slug":"flightcase-fuer-8-stueck-litecraft-powerbar-2-mit-erweiterungsring-fuer-weitere-8","status":"publish","type":"product","link":"https:\/\/megacase.com\/de\/produkt\/flightcase-fuer-8-stueck-litecraft-powerbar-2-mit-erweiterungsring-fuer-weitere-8\/","title":{"rendered":"Flightcase f\u00fcr 8 St\u00fcck Litecraft Powerbar 2 mit Erweiterungsring f\u00fcr weitere 8"},"content":{"rendered":"<p>7mm Birkenmultiplex phenolharzbeschichtet<br \/>\n8x Butterfly-Verschluss<br \/>\n8x Klappgriff<br \/>\nFach f\u00fcr Klemmen und Safetys<br \/>\nSchaumstoffpolsterung<br \/>\n4x Blue wheels (2xgebremst)<br \/>\nStahlkugelecken  H<br \/>\nergestellt in Deutschland<\/p>\n","protected":false},"excerpt":{"rendered":"<p>7mm Birkenmultiplex phenolharzbeschichtet 8x Butterfly-Verschluss 8x Klappgriff Fach f\u00fcr Klemmen und Safetys Schaumstoffpolsterung 4x Blue wheels (2xgebremst) Stahlkugelecken H ergestellt<\/p>\n","protected":false},"featured_media":25714,"template":"","meta":{"_acf_changed":false},"product_brand":[],"product_cat":[13509],"product_tag":[],"class_list":{"0":"post-52819","1":"product","2":"type-product","3":"status-publish","4":"has-post-thumbnail","6":"product_cat-truhen-cases","8":"first","9":"instock","10":"taxable","11":"shipping-taxable","12":"purchasable","13":"product-type-simple"},"acf":[],"_links":{"self":[{"href":"https:\/\/megacase.com\/de\/wp-json\/wp\/v2\/product\/52819","targetHints":{"allow":["GET"]}}],"collection":[{"href":"https:\/\/megacase.com\/de\/wp-json\/wp\/v2\/product"}],"about":[{"href":"https:\/\/megacase.com\/de\/wp-json\/wp\/v2\/types\/product"}],"wp:featuredmedia":[{"embeddable":true,"href":"https:\/\/megacase.com\/de\/wp-json\/wp\/v2\/media\/25714"}],"wp:attachment":[{"href":"https:\/\/megacase.com\/de\/wp-json\/wp\/v2\/media?parent=52819"}],"wp:term":[{"taxonomy":"product_brand","embeddable":true,"href":"https:\/\/megacase.com\/de\/wp-json\/wp\/v2\/product_brand?post=52819"},{"taxonomy":"product_cat","embeddable":true,"href":"https:\/\/megacase.com\/de\/wp-json\/wp\/v2\/product_cat?post=52819"},{"taxonomy":"product_tag","embeddable":true,"href":"https:\/\/megacase.com\/de\/wp-json\/wp\/v2\/product_tag?post=52819"}],"curies":[{"name":"wp","href":"https:\/\/api.w.org\/{rel}","templated":true}]}}