{"id":52818,"date":"2014-05-23T00:00:00","date_gmt":"2014-05-22T22:00:00","guid":{"rendered":"https:\/\/mcx.sunlab.eu\/product\/koffercase-fuer-photobox\/"},"modified":"2026-03-25T14:47:28","modified_gmt":"2026-03-25T13:47:28","slug":"koffercase-fuer-photobox","status":"publish","type":"product","link":"https:\/\/megacase.com\/de\/produkt\/koffercase-fuer-photobox\/","title":{"rendered":"Koffercase f\u00fcr Photobox"},"content":{"rendered":"<p>Ger\u00e4tema\u00dfe BxTxH in cm 58,3&#215;53,3&#215;9,3 + 8cm Boxenflansch auf der 53,3 Seite<br \/>\n7mm Birkenmultiplex phenolharzbeschichtet<br \/>\n4x Butterfly-Verschluss mini<br \/>\n1x Gewebegriff<br \/>\n1cm Schaumstoffpolsterung<br \/>\nGer\u00e4t mit Kl\u00f6tzen links und rechts vom Flansch abgefangen,<br \/>\nsodass 2 kleine F\u00e4cher entstehen<br \/>\nStahlkugelecken<br \/>\nHergestellt in Deutschland<br \/>\nAbbildung \u00e4hnlich<\/p>\n","protected":false},"excerpt":{"rendered":"<p>Ger\u00e4tema\u00dfe BxTxH in cm 58,3&#215;53,3&#215;9,3 + 8cm Boxenflansch auf der 53,3 Seite 7mm Birkenmultiplex phenolharzbeschichtet 4x Butterfly-Verschluss mini 1x Gewebegriff<\/p>\n","protected":false},"featured_media":288407,"template":"","meta":{"_acf_changed":false},"product_brand":[],"product_cat":[13504],"product_tag":[13624],"class_list":{"0":"post-52818","1":"product","2":"type-product","3":"status-publish","4":"has-post-thumbnail","6":"product_cat-koffer-cases","7":"product_tag-photobox","9":"first","10":"instock","11":"taxable","12":"shipping-taxable","13":"purchasable","14":"product-type-simple"},"acf":[],"_links":{"self":[{"href":"https:\/\/megacase.com\/de\/wp-json\/wp\/v2\/product\/52818","targetHints":{"allow":["GET"]}}],"collection":[{"href":"https:\/\/megacase.com\/de\/wp-json\/wp\/v2\/product"}],"about":[{"href":"https:\/\/megacase.com\/de\/wp-json\/wp\/v2\/types\/product"}],"wp:featuredmedia":[{"embeddable":true,"href":"https:\/\/megacase.com\/de\/wp-json\/wp\/v2\/media\/288407"}],"wp:attachment":[{"href":"https:\/\/megacase.com\/de\/wp-json\/wp\/v2\/media?parent=52818"}],"wp:term":[{"taxonomy":"product_brand","embeddable":true,"href":"https:\/\/megacase.com\/de\/wp-json\/wp\/v2\/product_brand?post=52818"},{"taxonomy":"product_cat","embeddable":true,"href":"https:\/\/megacase.com\/de\/wp-json\/wp\/v2\/product_cat?post=52818"},{"taxonomy":"product_tag","embeddable":true,"href":"https:\/\/megacase.com\/de\/wp-json\/wp\/v2\/product_tag?post=52818"}],"curies":[{"name":"wp","href":"https:\/\/api.w.org\/{rel}","templated":true}]}}