{"id":52805,"date":"2014-05-13T00:00:00","date_gmt":"2014-05-12T22:00:00","guid":{"rendered":"https:\/\/mcx.sunlab.eu\/product\/truhenflightcase-mit-4-faechern-fuer-4x5-roll-ups\/"},"modified":"2026-03-25T14:47:30","modified_gmt":"2026-03-25T13:47:30","slug":"truhenflightcase-mit-4-faechern-fuer-4x5-roll-ups","status":"publish","type":"product","link":"https:\/\/megacase.com\/de\/produkt\/truhenflightcase-mit-4-faechern-fuer-4x5-roll-ups\/","title":{"rendered":"Truhenflightcase mit 4 F\u00e4chern f\u00fcr 4&#215;5 Roll-Ups"},"content":{"rendered":"<p>9mm Birkenmultiplex phenolharzbeschichtet  Ma\u00dfe der Roll-Ups 106x27x8,5cm  Roll Ups stehend gelagert  Deckelh\u00f6he 15cm zum Problemlosen schlie\u00dfen und \u00f6ffnen<br \/>\n2x Butterfly-Verschluss mit \u00d6se<br \/>\n8x Klappgriff<br \/>\n2x Deckelfeststeller in Schale<br \/>\n1cm Schaumstoffpolsterung in Boden und Deckel<br \/>\n4x Blue wheels 100mm Durchmesser (2xgebremst)<br \/>\nStahlkugelecken<br \/>\nHergestellt in Deutschland<br \/>\nAbbildung \u00e4hnlich<br \/>\nAu\u00dfenma\u00dfe: BxTxH   1010x635x1300 mm<br \/>\nGewicht: 60,5 kg<\/p>\n","protected":false},"excerpt":{"rendered":"<p>9mm Birkenmultiplex phenolharzbeschichtet Ma\u00dfe der Roll-Ups 106x27x8,5cm Roll Ups stehend gelagert Deckelh\u00f6he 15cm zum Problemlosen schlie\u00dfen und \u00f6ffnen 2x Butterfly-Verschluss<\/p>\n","protected":false},"featured_media":92534,"template":"","meta":{"_acf_changed":false},"product_brand":[],"product_cat":[13509],"product_tag":[],"class_list":{"0":"post-52805","1":"product","2":"type-product","3":"status-publish","4":"has-post-thumbnail","6":"product_cat-truhen-cases","8":"first","9":"instock","10":"taxable","11":"shipping-taxable","12":"purchasable","13":"product-type-simple"},"acf":[],"_links":{"self":[{"href":"https:\/\/megacase.com\/de\/wp-json\/wp\/v2\/product\/52805","targetHints":{"allow":["GET"]}}],"collection":[{"href":"https:\/\/megacase.com\/de\/wp-json\/wp\/v2\/product"}],"about":[{"href":"https:\/\/megacase.com\/de\/wp-json\/wp\/v2\/types\/product"}],"wp:featuredmedia":[{"embeddable":true,"href":"https:\/\/megacase.com\/de\/wp-json\/wp\/v2\/media\/92534"}],"wp:attachment":[{"href":"https:\/\/megacase.com\/de\/wp-json\/wp\/v2\/media?parent=52805"}],"wp:term":[{"taxonomy":"product_brand","embeddable":true,"href":"https:\/\/megacase.com\/de\/wp-json\/wp\/v2\/product_brand?post=52805"},{"taxonomy":"product_cat","embeddable":true,"href":"https:\/\/megacase.com\/de\/wp-json\/wp\/v2\/product_cat?post=52805"},{"taxonomy":"product_tag","embeddable":true,"href":"https:\/\/megacase.com\/de\/wp-json\/wp\/v2\/product_tag?post=52805"}],"curies":[{"name":"wp","href":"https:\/\/api.w.org\/{rel}","templated":true}]}}