{"id":52800,"date":"2014-05-09T00:00:00","date_gmt":"2014-05-08T22:00:00","guid":{"rendered":"https:\/\/mcx.sunlab.eu\/product\/transportcase-mit-hart-weich-schaumstoffpolsterung-und-fachunterteilung\/"},"modified":"2026-03-25T14:47:31","modified_gmt":"2026-03-25T13:47:31","slug":"transportcase-mit-hart-weich-schaumstoffpolsterung-und-fachunterteilung","status":"publish","type":"product","link":"https:\/\/megacase.com\/de\/produkt\/transportcase-mit-hart-weich-schaumstoffpolsterung-und-fachunterteilung\/","title":{"rendered":"Transportcase mit hart-weich Schaumstoffpolsterung und Fachunterteilung"},"content":{"rendered":"<p>vordere Fachgr\u00f6\u00dfe 440 x 140mm,<br \/>\nhintere Fachgr\u00f6\u00dfe 440 x 230mm   jeweils 450mm hoch;<br \/>\n7mm Birkenmultiplex schwarz beschichtet,<br \/>\n30 x 30mm Alukante,<br \/>\nSchaumstoffpolsterung 2cm hart+2cm weich<br \/>\n2 gefederte Butterfly-Verschl\u00fc\u00dfe mit \u00d6se<br \/>\n4 Klappgriffe,<br \/>\nStahlkugelecken,<br \/>\nRutschleisten,<br \/>\nhergestellt in Deutschland<br \/>\nAbbildung \u00e4hnlich<\/p>\n","protected":false},"excerpt":{"rendered":"<p>vordere Fachgr\u00f6\u00dfe 440 x 140mm, hintere Fachgr\u00f6\u00dfe 440 x 230mm jeweils 450mm hoch; 7mm Birkenmultiplex schwarz beschichtet, 30 x 30mm<\/p>\n","protected":false},"featured_media":25754,"template":"","meta":{"_acf_changed":false},"product_brand":[],"product_cat":[13509],"product_tag":[],"class_list":{"0":"post-52800","1":"product","2":"type-product","3":"status-publish","4":"has-post-thumbnail","6":"product_cat-truhen-cases","8":"first","9":"instock","10":"taxable","11":"shipping-taxable","12":"purchasable","13":"product-type-simple"},"acf":[],"_links":{"self":[{"href":"https:\/\/megacase.com\/de\/wp-json\/wp\/v2\/product\/52800","targetHints":{"allow":["GET"]}}],"collection":[{"href":"https:\/\/megacase.com\/de\/wp-json\/wp\/v2\/product"}],"about":[{"href":"https:\/\/megacase.com\/de\/wp-json\/wp\/v2\/types\/product"}],"wp:featuredmedia":[{"embeddable":true,"href":"https:\/\/megacase.com\/de\/wp-json\/wp\/v2\/media\/25754"}],"wp:attachment":[{"href":"https:\/\/megacase.com\/de\/wp-json\/wp\/v2\/media?parent=52800"}],"wp:term":[{"taxonomy":"product_brand","embeddable":true,"href":"https:\/\/megacase.com\/de\/wp-json\/wp\/v2\/product_brand?post=52800"},{"taxonomy":"product_cat","embeddable":true,"href":"https:\/\/megacase.com\/de\/wp-json\/wp\/v2\/product_cat?post=52800"},{"taxonomy":"product_tag","embeddable":true,"href":"https:\/\/megacase.com\/de\/wp-json\/wp\/v2\/product_tag?post=52800"}],"curies":[{"name":"wp","href":"https:\/\/api.w.org\/{rel}","templated":true}]}}