{"id":52799,"date":"2014-05-08T00:00:00","date_gmt":"2014-05-07T22:00:00","guid":{"rendered":"https:\/\/mcx.sunlab.eu\/product\/haubencase-fuer-acer-1373wb-inklusive-grossem-zubehoerfach-mit-variabler-trennung\/"},"modified":"2026-03-25T14:47:32","modified_gmt":"2026-03-25T13:47:32","slug":"haubencase-fuer-acer-1373wb-inklusive-grossem-zubehoerfach-mit-variabler-trennung","status":"publish","type":"product","link":"https:\/\/megacase.com\/de\/produkt\/haubencase-fuer-acer-1373wb-inklusive-grossem-zubehoerfach-mit-variabler-trennung\/","title":{"rendered":"Haubencase f\u00fcr Acer 1373wb inklusive gro\u00dfem Zubeh\u00f6rfach mit variabler Trennung"},"content":{"rendered":"<p>7mm Birkenmultiplex phenolharzbeschichtet  2x Butterfly-Verschluss mit \u00d6se f\u00fcr Vorh\u00e4ngeschloss<br \/>\n1x Gewebegriff<br \/>\n4x Gummifu\u00df<br \/>\nmind. 1cm Schaumstoffpolsterung<br \/>\n15 mm Birkenmultiplex<br \/>\nTrennbrett mit Aussparung damit W-Lan Stick gesteckt bleiben kann<br \/>\nDas Fach dahinter mit Nutenschaumstoff und 2 Trennbrettern mit Kabeldurchlass<br \/>\nStahlkugelecken<br \/>\nHergestellt in Deutschland<br \/>\nBeamer im Case bedienbar<br \/>\nAbbildung \u00e4hnlich<\/p>\n","protected":false},"excerpt":{"rendered":"<p>7mm Birkenmultiplex phenolharzbeschichtet 2x Butterfly-Verschluss mit \u00d6se f\u00fcr Vorh\u00e4ngeschloss 1x Gewebegriff 4x Gummifu\u00df mind. 1cm Schaumstoffpolsterung 15 mm Birkenmultiplex Trennbrett<\/p>\n","protected":false},"featured_media":25760,"template":"","meta":{"_acf_changed":false},"product_brand":[],"product_cat":[13626,13508,13553],"product_tag":[],"class_list":{"0":"post-52799","1":"product","2":"type-product","3":"status-publish","4":"has-post-thumbnail","6":"product_cat-haubencase","7":"product_cat-universal-flightcases","8":"product_cat-beamercases-und-zubehoer-koffer","10":"first","11":"instock","12":"taxable","13":"shipping-taxable","14":"purchasable","15":"product-type-simple"},"acf":[],"_links":{"self":[{"href":"https:\/\/megacase.com\/de\/wp-json\/wp\/v2\/product\/52799","targetHints":{"allow":["GET"]}}],"collection":[{"href":"https:\/\/megacase.com\/de\/wp-json\/wp\/v2\/product"}],"about":[{"href":"https:\/\/megacase.com\/de\/wp-json\/wp\/v2\/types\/product"}],"wp:featuredmedia":[{"embeddable":true,"href":"https:\/\/megacase.com\/de\/wp-json\/wp\/v2\/media\/25760"}],"wp:attachment":[{"href":"https:\/\/megacase.com\/de\/wp-json\/wp\/v2\/media?parent=52799"}],"wp:term":[{"taxonomy":"product_brand","embeddable":true,"href":"https:\/\/megacase.com\/de\/wp-json\/wp\/v2\/product_brand?post=52799"},{"taxonomy":"product_cat","embeddable":true,"href":"https:\/\/megacase.com\/de\/wp-json\/wp\/v2\/product_cat?post=52799"},{"taxonomy":"product_tag","embeddable":true,"href":"https:\/\/megacase.com\/de\/wp-json\/wp\/v2\/product_tag?post=52799"}],"curies":[{"name":"wp","href":"https:\/\/api.w.org\/{rel}","templated":true}]}}