{"id":52798,"date":"2014-05-08T00:00:00","date_gmt":"2014-05-07T22:00:00","guid":{"rendered":"https:\/\/mcx.sunlab.eu\/product\/haubencase-fuer-pioneer-djm-850-ni-kontrol-x1-ni-kontrol-f1-in-schwarz\/"},"modified":"2026-03-25T14:47:31","modified_gmt":"2026-03-25T13:47:31","slug":"haubencase-fuer-pioneer-djm-850-ni-kontrol-x1-ni-kontrol-f1-in-schwarz","status":"publish","type":"product","link":"https:\/\/megacase.com\/de\/produkt\/haubencase-fuer-pioneer-djm-850-ni-kontrol-x1-ni-kontrol-f1-in-schwarz\/","title":{"rendered":"Haubencase f\u00fcr Pioneer DJM-850, NI Kontrol X1, NI Kontrol F1 in schwarz"},"content":{"rendered":"<p>7mm Birkenmultiplex schwarz beschichtet<br \/>\n2x Butterfly-Verschluss<br \/>\n1x Klappgriff<br \/>\nmind.1cm Schaumstoffpolsterung<br \/>\nStahlkugelecken<br \/>\nHergestellt in Deutschland<br \/>\npassend f\u00fcr Pioneer DJM-850, NI Kontrol X1, NI Kontrol F1  Anordnung von links nach rechts:<br \/>\nPioneer DJM-850 ca. 7cm Platz zum NI Kontrol X1 ca. 5cm Platz zum NI Kontrol F1  im Case bedienbar,<br \/>\nalle Ger\u00e4te auf gleicher Bedienh\u00f6he,<br \/>\nPlatz hinter dem Ger\u00e4t, damit die Anschl\u00fcsse gesteckt bleiben k\u00f6nnen.<br \/>\nAbbildung \u00e4hnlich<\/p>\n","protected":false},"excerpt":{"rendered":"<p>7mm Birkenmultiplex schwarz beschichtet 2x Butterfly-Verschluss 1x Klappgriff mind.1cm Schaumstoffpolsterung Stahlkugelecken Hergestellt in Deutschland passend f\u00fcr Pioneer DJM-850, NI Kontrol<\/p>\n","protected":false},"featured_media":25762,"template":"","meta":{"_acf_changed":false},"product_brand":[],"product_cat":[13493],"product_tag":[13757],"class_list":{"0":"post-52798","1":"product","2":"type-product","3":"status-publish","4":"has-post-thumbnail","6":"product_cat-dj-equipment-cases","7":"product_tag-pioneer","9":"first","10":"instock","11":"taxable","12":"shipping-taxable","13":"purchasable","14":"product-type-simple"},"acf":[],"_links":{"self":[{"href":"https:\/\/megacase.com\/de\/wp-json\/wp\/v2\/product\/52798","targetHints":{"allow":["GET"]}}],"collection":[{"href":"https:\/\/megacase.com\/de\/wp-json\/wp\/v2\/product"}],"about":[{"href":"https:\/\/megacase.com\/de\/wp-json\/wp\/v2\/types\/product"}],"wp:featuredmedia":[{"embeddable":true,"href":"https:\/\/megacase.com\/de\/wp-json\/wp\/v2\/media\/25762"}],"wp:attachment":[{"href":"https:\/\/megacase.com\/de\/wp-json\/wp\/v2\/media?parent=52798"}],"wp:term":[{"taxonomy":"product_brand","embeddable":true,"href":"https:\/\/megacase.com\/de\/wp-json\/wp\/v2\/product_brand?post=52798"},{"taxonomy":"product_cat","embeddable":true,"href":"https:\/\/megacase.com\/de\/wp-json\/wp\/v2\/product_cat?post=52798"},{"taxonomy":"product_tag","embeddable":true,"href":"https:\/\/megacase.com\/de\/wp-json\/wp\/v2\/product_tag?post=52798"}],"curies":[{"name":"wp","href":"https:\/\/api.w.org\/{rel}","templated":true}]}}