{"id":52786,"date":"2014-05-05T00:00:00","date_gmt":"2014-05-04T22:00:00","guid":{"rendered":"https:\/\/mcx.sunlab.eu\/product\/mixercase-pioneer-djm-2000-farbe-grau\/"},"modified":"2026-03-25T14:47:33","modified_gmt":"2026-03-25T13:47:33","slug":"mixercase-pioneer-djm-2000-farbe-grau","status":"publish","type":"product","link":"https:\/\/megacase.com\/de\/produkt\/mixercase-pioneer-djm-2000-farbe-grau\/","title":{"rendered":"Mixercase Pioneer DJM-2000  Farbe grau"},"content":{"rendered":"<p>&#8211; ma\u00dfgefertigtes Haubencase f\u00fcr Pioneer DJM-2000<br \/>\naus 7mm Birkenmultiplex<br \/>\n25 x 25 mm Alukante<br \/>\nmind. 1 cm Schaumstoffpolsterung<br \/>\n2 gefederte Butterfly-Verschl\u00fc\u00dfe medium<br \/>\n1 Koffergriff<br \/>\nalle Anschl\u00fc\u00dfe frei zug\u00e4nglich<br \/>\nGer\u00e4t kann im Unterteil bedient werden<\/p>\n","protected":false},"excerpt":{"rendered":"<p>&#8211; ma\u00dfgefertigtes Haubencase f\u00fcr Pioneer DJM-2000 aus 7mm Birkenmultiplex 25 x 25 mm Alukante mind. 1 cm Schaumstoffpolsterung 2 gefederte<\/p>\n","protected":false},"featured_media":25786,"template":"","meta":{"_acf_changed":false},"product_brand":[],"product_cat":[13493],"product_tag":[13757],"class_list":{"0":"post-52786","1":"product","2":"type-product","3":"status-publish","4":"has-post-thumbnail","6":"product_cat-dj-equipment-cases","7":"product_tag-pioneer","9":"first","10":"instock","11":"taxable","12":"shipping-taxable","13":"purchasable","14":"product-type-simple"},"acf":[],"_links":{"self":[{"href":"https:\/\/megacase.com\/de\/wp-json\/wp\/v2\/product\/52786","targetHints":{"allow":["GET"]}}],"collection":[{"href":"https:\/\/megacase.com\/de\/wp-json\/wp\/v2\/product"}],"about":[{"href":"https:\/\/megacase.com\/de\/wp-json\/wp\/v2\/types\/product"}],"wp:featuredmedia":[{"embeddable":true,"href":"https:\/\/megacase.com\/de\/wp-json\/wp\/v2\/media\/25786"}],"wp:attachment":[{"href":"https:\/\/megacase.com\/de\/wp-json\/wp\/v2\/media?parent=52786"}],"wp:term":[{"taxonomy":"product_brand","embeddable":true,"href":"https:\/\/megacase.com\/de\/wp-json\/wp\/v2\/product_brand?post=52786"},{"taxonomy":"product_cat","embeddable":true,"href":"https:\/\/megacase.com\/de\/wp-json\/wp\/v2\/product_cat?post=52786"},{"taxonomy":"product_tag","embeddable":true,"href":"https:\/\/megacase.com\/de\/wp-json\/wp\/v2\/product_tag?post=52786"}],"curies":[{"name":"wp","href":"https:\/\/api.w.org\/{rel}","templated":true}]}}