{"id":52776,"date":"2014-04-15T00:00:00","date_gmt":"2014-04-14T22:00:00","guid":{"rendered":"https:\/\/mcx.sunlab.eu\/product\/truhencase-profi-mit-den-innenmassen-100x50x50cm-bxtxh-in-rot-auf-rollen\/"},"modified":"2026-03-25T14:47:35","modified_gmt":"2026-03-25T13:47:35","slug":"truhencase-profi-mit-den-innenmassen-100x50x50cm-bxtxh-in-rot-auf-rollen","status":"publish","type":"product","link":"https:\/\/megacase.com\/de\/produkt\/truhencase-profi-mit-den-innenmassen-100x50x50cm-bxtxh-in-rot-auf-rollen\/","title":{"rendered":"Truhencase Profi mit den Innenma\u00dfen 100x50x50cm BxTxH in rot auf Rollen"},"content":{"rendered":"<p>9mm Birkenmultiplex &#8222;rot&#8220;  4x Butterfly medium<br \/>\n4x Klappgriff<br \/>\n4x Lenkrolle (2xgebremst)<br \/>\n1cm Schaumstoffpolster stirnseitig und am Boden<br \/>\nNutenschaumstoff an Vorder-, und R\u00fcckwand<br \/>\n12x Trennbrett 35cm hoch<br \/>\ndar\u00fcber Einlegewanne \u00fcber die gesamte Casegr\u00f6\u00dfe  aus 15mm Birkenmultiplex schwarz lackiert<br \/>\nHergestellt in Deutschland<br \/>\nAbbildung \u00e4hnlich<\/p>\n","protected":false},"excerpt":{"rendered":"<p>9mm Birkenmultiplex &#8222;rot&#8220; 4x Butterfly medium 4x Klappgriff 4x Lenkrolle (2xgebremst) 1cm Schaumstoffpolster stirnseitig und am Boden Nutenschaumstoff an Vorder-,<\/p>\n","protected":false},"featured_media":25808,"template":"","meta":{"_acf_changed":false},"product_brand":[],"product_cat":[13509],"product_tag":[],"class_list":{"0":"post-52776","1":"product","2":"type-product","3":"status-publish","4":"has-post-thumbnail","6":"product_cat-truhen-cases","8":"first","9":"instock","10":"taxable","11":"shipping-taxable","12":"purchasable","13":"product-type-simple"},"acf":[],"_links":{"self":[{"href":"https:\/\/megacase.com\/de\/wp-json\/wp\/v2\/product\/52776","targetHints":{"allow":["GET"]}}],"collection":[{"href":"https:\/\/megacase.com\/de\/wp-json\/wp\/v2\/product"}],"about":[{"href":"https:\/\/megacase.com\/de\/wp-json\/wp\/v2\/types\/product"}],"wp:featuredmedia":[{"embeddable":true,"href":"https:\/\/megacase.com\/de\/wp-json\/wp\/v2\/media\/25808"}],"wp:attachment":[{"href":"https:\/\/megacase.com\/de\/wp-json\/wp\/v2\/media?parent=52776"}],"wp:term":[{"taxonomy":"product_brand","embeddable":true,"href":"https:\/\/megacase.com\/de\/wp-json\/wp\/v2\/product_brand?post=52776"},{"taxonomy":"product_cat","embeddable":true,"href":"https:\/\/megacase.com\/de\/wp-json\/wp\/v2\/product_cat?post=52776"},{"taxonomy":"product_tag","embeddable":true,"href":"https:\/\/megacase.com\/de\/wp-json\/wp\/v2\/product_tag?post=52776"}],"curies":[{"name":"wp","href":"https:\/\/api.w.org\/{rel}","templated":true}]}}