{"id":52775,"date":"2014-04-15T00:00:00","date_gmt":"2014-04-14T22:00:00","guid":{"rendered":"https:\/\/mcx.sunlab.eu\/product\/transportcase-access-virus-polar-ti2\/"},"modified":"2026-03-25T14:47:35","modified_gmt":"2026-03-25T13:47:35","slug":"transportcase-access-virus-polar-ti2","status":"publish","type":"product","link":"https:\/\/megacase.com\/de\/produkt\/transportcase-access-virus-polar-ti2\/","title":{"rendered":"Transportcase Access Virus Polar TI2"},"content":{"rendered":"<p>Transportcase mit eingelassenen Eckrollen und Trollygriff, Butterfly mit \u00d6se f\u00fcr ein Vorh\u00e4ngeschlo\u00df und mind. 2cm Schaumstoffpolsterung  f\u00fcr ein Access Virus Polar TI2;<br \/>\n7mm Birkenmultiplex,<br \/>\n25 x 25mm Alukante,<br \/>\nSchaumstoffpolsterung,<br \/>\n2 gefederte Butterfly-Verschl\u00fc\u00dfe mit \u00d6se,<br \/>\n1 Klappgriffe,<br \/>\nStahlkugelecken,<br \/>\nhergestellt in Deutschland<br \/>\nGr\u00f6\u00dfe wird auf Tragetasche ausgepolstert<\/p>\n","protected":false},"excerpt":{"rendered":"<p>Transportcase mit eingelassenen Eckrollen und Trollygriff, Butterfly mit \u00d6se f\u00fcr ein Vorh\u00e4ngeschlo\u00df und mind. 2cm Schaumstoffpolsterung f\u00fcr ein Access Virus<\/p>\n","protected":false},"featured_media":25810,"template":"","meta":{"_acf_changed":false},"product_brand":[],"product_cat":[13508],"product_tag":[],"class_list":{"0":"post-52775","1":"product","2":"type-product","3":"status-publish","4":"has-post-thumbnail","6":"product_cat-universal-flightcases","8":"first","9":"instock","10":"taxable","11":"shipping-taxable","12":"purchasable","13":"product-type-simple"},"acf":[],"_links":{"self":[{"href":"https:\/\/megacase.com\/de\/wp-json\/wp\/v2\/product\/52775","targetHints":{"allow":["GET"]}}],"collection":[{"href":"https:\/\/megacase.com\/de\/wp-json\/wp\/v2\/product"}],"about":[{"href":"https:\/\/megacase.com\/de\/wp-json\/wp\/v2\/types\/product"}],"wp:featuredmedia":[{"embeddable":true,"href":"https:\/\/megacase.com\/de\/wp-json\/wp\/v2\/media\/25810"}],"wp:attachment":[{"href":"https:\/\/megacase.com\/de\/wp-json\/wp\/v2\/media?parent=52775"}],"wp:term":[{"taxonomy":"product_brand","embeddable":true,"href":"https:\/\/megacase.com\/de\/wp-json\/wp\/v2\/product_brand?post=52775"},{"taxonomy":"product_cat","embeddable":true,"href":"https:\/\/megacase.com\/de\/wp-json\/wp\/v2\/product_cat?post=52775"},{"taxonomy":"product_tag","embeddable":true,"href":"https:\/\/megacase.com\/de\/wp-json\/wp\/v2\/product_tag?post=52775"}],"curies":[{"name":"wp","href":"https:\/\/api.w.org\/{rel}","templated":true}]}}