{"id":52771,"date":"2014-04-11T00:00:00","date_gmt":"2014-04-10T22:00:00","guid":{"rendered":"https:\/\/mcx.sunlab.eu\/product\/truhenflightcase-mit-trennbrett-ueber-die-120cm-seite-auf-rollen\/"},"modified":"2026-03-25T14:47:36","modified_gmt":"2026-03-25T13:47:36","slug":"truhenflightcase-mit-trennbrett-ueber-die-120cm-seite-auf-rollen","status":"publish","type":"product","link":"https:\/\/megacase.com\/de\/produkt\/truhenflightcase-mit-trennbrett-ueber-die-120cm-seite-auf-rollen\/","title":{"rendered":"Truhenflightcase mit  Trennbrett \u00fcber die 120cm Seite auf Rollen"},"content":{"rendered":"<p>Innenma\u00dfe 120x60x42 mit Trennbrett f\u00fcr die Aufteilung<br \/>\n1x 120x25x42 BxTxH und<br \/>\n1x 120x35x42 BxTxH<br \/>\n7mm Birkenmultiplex<br \/>\n30x30mm Alukante<br \/>\n2x Butterfly<br \/>\n4x Klappgriff<br \/>\n4x Rollen (2xgebremst)<br \/>\nStahlkugelecken<br \/>\nHergestellt in Deutschland<br \/>\nAbbildung \u00e4hnlich<\/p>\n","protected":false},"excerpt":{"rendered":"<p>Innenma\u00dfe 120x60x42 mit Trennbrett f\u00fcr die Aufteilung 1x 120x25x42 BxTxH und 1x 120x35x42 BxTxH 7mm Birkenmultiplex 30x30mm Alukante 2x Butterfly<\/p>\n","protected":false},"featured_media":25818,"template":"","meta":{"_acf_changed":false},"product_brand":[],"product_cat":[13508],"product_tag":[],"class_list":{"0":"post-52771","1":"product","2":"type-product","3":"status-publish","4":"has-post-thumbnail","6":"product_cat-universal-flightcases","8":"first","9":"instock","10":"taxable","11":"shipping-taxable","12":"purchasable","13":"product-type-simple"},"acf":[],"_links":{"self":[{"href":"https:\/\/megacase.com\/de\/wp-json\/wp\/v2\/product\/52771","targetHints":{"allow":["GET"]}}],"collection":[{"href":"https:\/\/megacase.com\/de\/wp-json\/wp\/v2\/product"}],"about":[{"href":"https:\/\/megacase.com\/de\/wp-json\/wp\/v2\/types\/product"}],"wp:featuredmedia":[{"embeddable":true,"href":"https:\/\/megacase.com\/de\/wp-json\/wp\/v2\/media\/25818"}],"wp:attachment":[{"href":"https:\/\/megacase.com\/de\/wp-json\/wp\/v2\/media?parent=52771"}],"wp:term":[{"taxonomy":"product_brand","embeddable":true,"href":"https:\/\/megacase.com\/de\/wp-json\/wp\/v2\/product_brand?post=52771"},{"taxonomy":"product_cat","embeddable":true,"href":"https:\/\/megacase.com\/de\/wp-json\/wp\/v2\/product_cat?post=52771"},{"taxonomy":"product_tag","embeddable":true,"href":"https:\/\/megacase.com\/de\/wp-json\/wp\/v2\/product_tag?post=52771"}],"curies":[{"name":"wp","href":"https:\/\/api.w.org\/{rel}","templated":true}]}}