{"id":52766,"date":"2014-04-09T00:00:00","date_gmt":"2014-04-08T22:00:00","guid":{"rendered":"https:\/\/mcx.sunlab.eu\/product\/zubehoer-packcase-120cm-mit-rollen-gebremst\/"},"modified":"2026-03-25T14:47:36","modified_gmt":"2026-03-25T13:47:36","slug":"zubehoer-packcase-120cm-mit-rollen-gebremst","status":"publish","type":"product","link":"https:\/\/megacase.com\/de\/produkt\/zubehoer-packcase-120cm-mit-rollen-gebremst\/","title":{"rendered":"Zubeh\u00f6r Packcase 120cm mit Rollen gebremst"},"content":{"rendered":"<p>optimaler Helfer auf der B\u00fchne zum verstauen von all den Sachen die auf der B\u00fchne lose rumpurzeln z.B. Molton, Kabel, Stative und auch kleine 19&#8243; Racks<br \/>\n9mm Birkenmultiplex<br \/>\n30 x 30mm Alukante<br \/>\n2 gefederte Butterflyverschl\u00fcsse medium<br \/>\n2 Deckelfeststeller medium<br \/>\n4 Klappgriffe gro\u00dfe<br \/>\nKugelecken 100mm Blue Wheels bis 450kg belastbar (2 davon gebremst)<br \/>\nhergestellt in Deutschland<br \/>\nInnenma\u00dfe BxTxH 117,7 x 57,7 x 60,7cm<br \/>\nAu\u00dfenma\u00dfe BxTxH 122 x 62 x 78,5cm inkl. Rollen<br \/>\nGewicht ca. 35,6<\/p>\n","protected":false},"excerpt":{"rendered":"<p>optimaler Helfer auf der B\u00fchne zum verstauen von all den Sachen die auf der B\u00fchne lose rumpurzeln z.B. Molton, Kabel,<\/p>\n","protected":false},"featured_media":25828,"template":"","meta":{"_acf_changed":false},"product_brand":[],"product_cat":[13508,13509],"product_tag":[],"class_list":{"0":"post-52766","1":"product","2":"type-product","3":"status-publish","4":"has-post-thumbnail","6":"product_cat-universal-flightcases","7":"product_cat-truhen-cases","9":"first","10":"instock","11":"taxable","12":"shipping-taxable","13":"purchasable","14":"product-type-simple"},"acf":[],"_links":{"self":[{"href":"https:\/\/megacase.com\/de\/wp-json\/wp\/v2\/product\/52766","targetHints":{"allow":["GET"]}}],"collection":[{"href":"https:\/\/megacase.com\/de\/wp-json\/wp\/v2\/product"}],"about":[{"href":"https:\/\/megacase.com\/de\/wp-json\/wp\/v2\/types\/product"}],"wp:featuredmedia":[{"embeddable":true,"href":"https:\/\/megacase.com\/de\/wp-json\/wp\/v2\/media\/25828"}],"wp:attachment":[{"href":"https:\/\/megacase.com\/de\/wp-json\/wp\/v2\/media?parent=52766"}],"wp:term":[{"taxonomy":"product_brand","embeddable":true,"href":"https:\/\/megacase.com\/de\/wp-json\/wp\/v2\/product_brand?post=52766"},{"taxonomy":"product_cat","embeddable":true,"href":"https:\/\/megacase.com\/de\/wp-json\/wp\/v2\/product_cat?post=52766"},{"taxonomy":"product_tag","embeddable":true,"href":"https:\/\/megacase.com\/de\/wp-json\/wp\/v2\/product_tag?post=52766"}],"curies":[{"name":"wp","href":"https:\/\/api.w.org\/{rel}","templated":true}]}}