{"id":52762,"date":"2014-04-07T00:00:00","date_gmt":"2014-04-06T22:00:00","guid":{"rendered":"https:\/\/mcx.sunlab.eu\/product\/koffer-case-fuer-fluggeraet-mit-den-innenmasse-75x75x25cm-bxtxh\/"},"modified":"2026-03-25T14:47:37","modified_gmt":"2026-03-25T13:47:37","slug":"koffer-case-fuer-fluggeraet-mit-den-innenmasse-75x75x25cm-bxtxh","status":"publish","type":"product","link":"https:\/\/megacase.com\/de\/produkt\/koffer-case-fuer-fluggeraet-mit-den-innenmasse-75x75x25cm-bxtxh\/","title":{"rendered":"Koffer Case f\u00fcr Flugger\u00e4t mit den Innenma\u00dfe 75x75x25cm BxTxH"},"content":{"rendered":"<p>Koffercase   7mm Birkenmultiplex phenolharzbeschichtet<br \/>\nDeckel abnehmbar<br \/>\n4x Butterfly mit \u00d6se<br \/>\n1x Geweberiemengriff<br \/>\nInnenma\u00dfe 75x75x25 BxTxH<br \/>\nkeine Schaumstoffpolsterung<br \/>\nAbbildung \u00e4hnlich<br \/>\nHergestellt in Deutschland  <\/p>\n","protected":false},"excerpt":{"rendered":"<p>Koffercase 7mm Birkenmultiplex phenolharzbeschichtet Deckel abnehmbar 4x Butterfly mit \u00d6se 1x Geweberiemengriff Innenma\u00dfe 75x75x25 BxTxH keine Schaumstoffpolsterung Abbildung \u00e4hnlich Hergestellt<\/p>\n","protected":false},"featured_media":25836,"template":"","meta":{"_acf_changed":false},"product_brand":[],"product_cat":[13504],"product_tag":[],"class_list":{"0":"post-52762","1":"product","2":"type-product","3":"status-publish","4":"has-post-thumbnail","6":"product_cat-koffer-cases","8":"first","9":"instock","10":"taxable","11":"shipping-taxable","12":"purchasable","13":"product-type-simple"},"acf":[],"_links":{"self":[{"href":"https:\/\/megacase.com\/de\/wp-json\/wp\/v2\/product\/52762","targetHints":{"allow":["GET"]}}],"collection":[{"href":"https:\/\/megacase.com\/de\/wp-json\/wp\/v2\/product"}],"about":[{"href":"https:\/\/megacase.com\/de\/wp-json\/wp\/v2\/types\/product"}],"wp:featuredmedia":[{"embeddable":true,"href":"https:\/\/megacase.com\/de\/wp-json\/wp\/v2\/media\/25836"}],"wp:attachment":[{"href":"https:\/\/megacase.com\/de\/wp-json\/wp\/v2\/media?parent=52762"}],"wp:term":[{"taxonomy":"product_brand","embeddable":true,"href":"https:\/\/megacase.com\/de\/wp-json\/wp\/v2\/product_brand?post=52762"},{"taxonomy":"product_cat","embeddable":true,"href":"https:\/\/megacase.com\/de\/wp-json\/wp\/v2\/product_cat?post=52762"},{"taxonomy":"product_tag","embeddable":true,"href":"https:\/\/megacase.com\/de\/wp-json\/wp\/v2\/product_tag?post=52762"}],"curies":[{"name":"wp","href":"https:\/\/api.w.org\/{rel}","templated":true}]}}