{"id":52761,"date":"2014-04-02T00:00:00","date_gmt":"2014-04-01T22:00:00","guid":{"rendered":"https:\/\/mcx.sunlab.eu\/product\/truhe-in-navyblau-mit-2cm-schaumpolsterung-und-den-innenmassen-77x87x47cm\/"},"modified":"2026-03-25T14:43:22","modified_gmt":"2026-03-25T13:43:22","slug":"truhe-in-navyblau-mit-2cm-schaumpolsterung-und-den-innenmassen-77x87x47cm","status":"publish","type":"product","link":"https:\/\/megacase.com\/de\/produkt\/truhe-in-navyblau-mit-2cm-schaumpolsterung-und-den-innenmassen-77x87x47cm\/","title":{"rendered":"Truhe in navyblau mit 2cm Schaumpolsterung und den Innenma\u00dfen 77x87x47cm"},"content":{"rendered":"<p>Innenma\u00dfe 77 x 87 x 47 cm ,  7mm Birkenmultiplex,   Farbe navyblau<br \/>\n30 x 30mm Alukante,<br \/>\n2cm Schaumstoffpolsterung Bodenplatte lose,,<br \/>\n4 gefederte Butterfly-Verschl\u00fc\u00dfe abschlie\u00dfbar,<br \/>\n2 Klappgriffe mittig auf 87 cm Seite,<br \/>\nStahlkugelecken.<br \/>\nHergestellt in Deutschland<br \/>\nAbbildung \u00e4hnlich.<\/p>\n","protected":false},"excerpt":{"rendered":"<p>Innenma\u00dfe 77 x 87 x 47 cm , 7mm Birkenmultiplex, Farbe navyblau 30 x 30mm Alukante, 2cm Schaumstoffpolsterung Bodenplatte lose,,<\/p>\n","protected":false},"featured_media":25840,"template":"","meta":{"_acf_changed":false},"product_brand":[],"product_cat":[13509],"product_tag":[],"class_list":{"0":"post-52761","1":"product","2":"type-product","3":"status-publish","4":"has-post-thumbnail","6":"product_cat-truhen-cases","8":"first","9":"instock","10":"taxable","11":"shipping-taxable","12":"purchasable","13":"product-type-simple"},"acf":[],"_links":{"self":[{"href":"https:\/\/megacase.com\/de\/wp-json\/wp\/v2\/product\/52761","targetHints":{"allow":["GET"]}}],"collection":[{"href":"https:\/\/megacase.com\/de\/wp-json\/wp\/v2\/product"}],"about":[{"href":"https:\/\/megacase.com\/de\/wp-json\/wp\/v2\/types\/product"}],"wp:featuredmedia":[{"embeddable":true,"href":"https:\/\/megacase.com\/de\/wp-json\/wp\/v2\/media\/25840"}],"wp:attachment":[{"href":"https:\/\/megacase.com\/de\/wp-json\/wp\/v2\/media?parent=52761"}],"wp:term":[{"taxonomy":"product_brand","embeddable":true,"href":"https:\/\/megacase.com\/de\/wp-json\/wp\/v2\/product_brand?post=52761"},{"taxonomy":"product_cat","embeddable":true,"href":"https:\/\/megacase.com\/de\/wp-json\/wp\/v2\/product_cat?post=52761"},{"taxonomy":"product_tag","embeddable":true,"href":"https:\/\/megacase.com\/de\/wp-json\/wp\/v2\/product_tag?post=52761"}],"curies":[{"name":"wp","href":"https:\/\/api.w.org\/{rel}","templated":true}]}}