{"id":52760,"date":"2014-04-02T00:00:00","date_gmt":"2014-04-01T22:00:00","guid":{"rendered":"https:\/\/mcx.sunlab.eu\/product\/haubencase-fuer-presonus-studiolive-32-4-2ai-mit-dockhouse\/"},"modified":"2026-03-25T14:43:22","modified_gmt":"2026-03-25T13:43:22","slug":"haubencase-fuer-presonus-studiolive-32-4-2ai-mit-dockhouse","status":"publish","type":"product","link":"https:\/\/megacase.com\/de\/produkt\/haubencase-fuer-presonus-studiolive-32-4-2ai-mit-dockhouse\/","title":{"rendered":"Haubencase f\u00fcr PreSonus Studiolive 32.4.2AI mit Dockhouse"},"content":{"rendered":"<p>ma\u00dfgefertigtes Haubencase f\u00fcr Presonus Studiolive 32.4.2AI,<br \/>\naus 7mm Birkenmultiplex,<br \/>\n30 x 30mm Alukante,<br \/>\n mind. 10mm Schaumstoffpolsterung,<br \/>\n4 gefederte Butterfly-Verschl\u00fc\u00dfe   medium,<br \/>\n6 Klappgriffe,<br \/>\nStahlkugelecken,<br \/>\n20cm tiefes Dockhouse leicht<br \/>\nalle Anschl\u00fc\u00dfe frei zug\u00e4nglich,<br \/>\ngefr\u00e4\u00dftes Fach im Schaumstoff im Unterteil f\u00fcr ipad Air<br \/>\nhergestellt in Deutschland,<br \/>\nAbbildung \u00e4hnlich<\/p>\n","protected":false},"excerpt":{"rendered":"<p>ma\u00dfgefertigtes Haubencase f\u00fcr Presonus Studiolive 32.4.2AI, aus 7mm Birkenmultiplex, 30 x 30mm Alukante, mind. 10mm Schaumstoffpolsterung, 4 gefederte Butterfly-Verschl\u00fc\u00dfe medium,<\/p>\n","protected":false},"featured_media":25842,"template":"","meta":{"_acf_changed":false},"product_brand":[],"product_cat":[13508],"product_tag":[],"class_list":{"0":"post-52760","1":"product","2":"type-product","3":"status-publish","4":"has-post-thumbnail","6":"product_cat-universal-flightcases","8":"first","9":"instock","10":"taxable","11":"shipping-taxable","12":"purchasable","13":"product-type-simple"},"acf":[],"_links":{"self":[{"href":"https:\/\/megacase.com\/de\/wp-json\/wp\/v2\/product\/52760","targetHints":{"allow":["GET"]}}],"collection":[{"href":"https:\/\/megacase.com\/de\/wp-json\/wp\/v2\/product"}],"about":[{"href":"https:\/\/megacase.com\/de\/wp-json\/wp\/v2\/types\/product"}],"wp:featuredmedia":[{"embeddable":true,"href":"https:\/\/megacase.com\/de\/wp-json\/wp\/v2\/media\/25842"}],"wp:attachment":[{"href":"https:\/\/megacase.com\/de\/wp-json\/wp\/v2\/media?parent=52760"}],"wp:term":[{"taxonomy":"product_brand","embeddable":true,"href":"https:\/\/megacase.com\/de\/wp-json\/wp\/v2\/product_brand?post=52760"},{"taxonomy":"product_cat","embeddable":true,"href":"https:\/\/megacase.com\/de\/wp-json\/wp\/v2\/product_cat?post=52760"},{"taxonomy":"product_tag","embeddable":true,"href":"https:\/\/megacase.com\/de\/wp-json\/wp\/v2\/product_tag?post=52760"}],"curies":[{"name":"wp","href":"https:\/\/api.w.org\/{rel}","templated":true}]}}