{"id":52757,"date":"2014-03-28T00:00:00","date_gmt":"2014-03-27T23:00:00","guid":{"rendered":"https:\/\/mcx.sunlab.eu\/product\/koffer-mit-schaumstoff-fuer-hp-slate-21-tablet-pc\/"},"modified":"2026-03-25T14:43:23","modified_gmt":"2026-03-25T13:43:23","slug":"koffer-mit-schaumstoff-fuer-hp-slate-21-tablet-pc","status":"publish","type":"product","link":"https:\/\/megacase.com\/de\/produkt\/koffer-mit-schaumstoff-fuer-hp-slate-21-tablet-pc\/","title":{"rendered":"Koffer mit Schaumstoff f\u00fcr HP Slate 21 Tablet PC"},"content":{"rendered":"<p>Transportkoffer mit Schaumstoffpolsterung  und den Innenma\u00dfen von 54,5 x 36,5 x 8,5 cm BxTxH f\u00fcr ein HP Slate 21 Tablet PC;<br \/>\n7mm Birkenmultiplex,<br \/>\n25 x 25mm Alukante,<br \/>\nSchaumstoffpolsterung,<br \/>\n2 Schnapp-Verschl\u00fc\u00dfe,<br \/>\n1 Gewebegriffe,<br \/>\nStahlkugelecken,<br \/>\nhergestellt in Deutschland<\/p>\n","protected":false},"excerpt":{"rendered":"<p>Transportkoffer mit Schaumstoffpolsterung und den Innenma\u00dfen von 54,5 x 36,5 x 8,5 cm BxTxH f\u00fcr ein HP Slate 21 Tablet<\/p>\n","protected":false},"featured_media":25848,"template":"","meta":{"_acf_changed":false},"product_brand":[],"product_cat":[13504],"product_tag":[],"class_list":{"0":"post-52757","1":"product","2":"type-product","3":"status-publish","4":"has-post-thumbnail","6":"product_cat-koffer-cases","8":"first","9":"instock","10":"taxable","11":"shipping-taxable","12":"purchasable","13":"product-type-simple"},"acf":[],"_links":{"self":[{"href":"https:\/\/megacase.com\/de\/wp-json\/wp\/v2\/product\/52757","targetHints":{"allow":["GET"]}}],"collection":[{"href":"https:\/\/megacase.com\/de\/wp-json\/wp\/v2\/product"}],"about":[{"href":"https:\/\/megacase.com\/de\/wp-json\/wp\/v2\/types\/product"}],"wp:featuredmedia":[{"embeddable":true,"href":"https:\/\/megacase.com\/de\/wp-json\/wp\/v2\/media\/25848"}],"wp:attachment":[{"href":"https:\/\/megacase.com\/de\/wp-json\/wp\/v2\/media?parent=52757"}],"wp:term":[{"taxonomy":"product_brand","embeddable":true,"href":"https:\/\/megacase.com\/de\/wp-json\/wp\/v2\/product_brand?post=52757"},{"taxonomy":"product_cat","embeddable":true,"href":"https:\/\/megacase.com\/de\/wp-json\/wp\/v2\/product_cat?post=52757"},{"taxonomy":"product_tag","embeddable":true,"href":"https:\/\/megacase.com\/de\/wp-json\/wp\/v2\/product_tag?post=52757"}],"curies":[{"name":"wp","href":"https:\/\/api.w.org\/{rel}","templated":true}]}}