{"id":52755,"date":"2014-03-25T00:00:00","date_gmt":"2014-03-24T23:00:00","guid":{"rendered":"https:\/\/mcx.sunlab.eu\/product\/koffercase-schwarz-mit-vollpolsterung-600x400x190mm-bxtxh\/"},"modified":"2026-03-25T14:43:24","modified_gmt":"2026-03-25T13:43:24","slug":"koffercase-schwarz-mit-vollpolsterung-600x400x190mm-bxtxh","status":"publish","type":"product","link":"https:\/\/megacase.com\/de\/produkt\/koffercase-schwarz-mit-vollpolsterung-600x400x190mm-bxtxh\/","title":{"rendered":"Koffercase schwarz mit Vollpolsterung 600x400x190mm BxTxH"},"content":{"rendered":"<p>Transportkoffer in schwarz mit Vollpolsterung (antistatischen Schaumstoff) zum selbstausfr\u00e4sen und 2 Gasd\u00e4mpfern  mit den Innenma\u00dfen von 600 x 400 x 190mm BxTxH,<br \/>\nAufteilung Deckel Unterteil ca. 12cm zu 6cm<br \/>\n7mm Birkenmultiplex,<br \/>\n25 x 25mm Alukante,<br \/>\nSchaumstoffpolsterung,<br \/>\n2 gefederte butterfly-Verschl\u00fc\u00dfe,<br \/>\n1 Klappgriffe,<br \/>\nStahlkugelecken,<br \/>\nhergestellt in Deutschland<\/p>\n","protected":false},"excerpt":{"rendered":"<p>Transportkoffer in schwarz mit Vollpolsterung (antistatischen Schaumstoff) zum selbstausfr\u00e4sen und 2 Gasd\u00e4mpfern mit den Innenma\u00dfen von 600 x 400 x<\/p>\n","protected":false},"featured_media":25854,"template":"","meta":{"_acf_changed":false},"product_brand":[],"product_cat":[13504],"product_tag":[],"class_list":{"0":"post-52755","1":"product","2":"type-product","3":"status-publish","4":"has-post-thumbnail","6":"product_cat-koffer-cases","8":"first","9":"instock","10":"taxable","11":"shipping-taxable","12":"purchasable","13":"product-type-simple"},"acf":[],"_links":{"self":[{"href":"https:\/\/megacase.com\/de\/wp-json\/wp\/v2\/product\/52755","targetHints":{"allow":["GET"]}}],"collection":[{"href":"https:\/\/megacase.com\/de\/wp-json\/wp\/v2\/product"}],"about":[{"href":"https:\/\/megacase.com\/de\/wp-json\/wp\/v2\/types\/product"}],"wp:featuredmedia":[{"embeddable":true,"href":"https:\/\/megacase.com\/de\/wp-json\/wp\/v2\/media\/25854"}],"wp:attachment":[{"href":"https:\/\/megacase.com\/de\/wp-json\/wp\/v2\/media?parent=52755"}],"wp:term":[{"taxonomy":"product_brand","embeddable":true,"href":"https:\/\/megacase.com\/de\/wp-json\/wp\/v2\/product_brand?post=52755"},{"taxonomy":"product_cat","embeddable":true,"href":"https:\/\/megacase.com\/de\/wp-json\/wp\/v2\/product_cat?post=52755"},{"taxonomy":"product_tag","embeddable":true,"href":"https:\/\/megacase.com\/de\/wp-json\/wp\/v2\/product_tag?post=52755"}],"curies":[{"name":"wp","href":"https:\/\/api.w.org\/{rel}","templated":true}]}}