{"id":52754,"date":"2014-03-25T00:00:00","date_gmt":"2014-03-24T23:00:00","guid":{"rendered":"https:\/\/mcx.sunlab.eu\/product\/profi-display-case-auf-rollen-samsung-ue75f6370-2in1\/"},"modified":"2026-03-25T14:43:23","modified_gmt":"2026-03-25T13:43:23","slug":"profi-display-case-auf-rollen-samsung-ue75f6370-2in1","status":"publish","type":"product","link":"https:\/\/megacase.com\/de\/produkt\/profi-display-case-auf-rollen-samsung-ue75f6370-2in1\/","title":{"rendered":"Profi Display-Case auf Rollen Samsung UE75F6370 2in1"},"content":{"rendered":"<p>Profi Transportcase auf Rollen (2x gebremst) mit Schaumstoffpolsterung  f\u00fcr 2 Samsung UE75F6370;<br \/>\n9mm Birkenmultiplex,<br \/>\n30x30mm Alukante,<br \/>\nSchaumstoffpolsterung,<br \/>\n4 gefederte Butterfly-Verschl\u00fc\u00dfe medium,<br \/>\n8 Klappgriffe,<br \/>\nStahlkugelecken,<br \/>\nhergestellt in Deutschland<br \/>\nAu\u00dfenma\u00dfe BxTxH ca. 4790 x 375 x 1200mm,<br \/>\nGewicht: 56,1 kg<\/p>\n","protected":false},"excerpt":{"rendered":"<p>Profi Transportcase auf Rollen (2x gebremst) mit Schaumstoffpolsterung f\u00fcr 2 Samsung UE75F6370; 9mm Birkenmultiplex, 30x30mm Alukante, Schaumstoffpolsterung, 4 gefederte Butterfly-Verschl\u00fc\u00dfe<\/p>\n","protected":false},"featured_media":92270,"template":"","meta":{"_acf_changed":false},"product_brand":[],"product_cat":[13501],"product_tag":[13651],"class_list":{"0":"post-52754","1":"product","2":"type-product","3":"status-publish","4":"has-post-thumbnail","6":"product_cat-plasma-cases","7":"product_tag-samsung","9":"first","10":"instock","11":"taxable","12":"shipping-taxable","13":"purchasable","14":"product-type-simple"},"acf":[],"_links":{"self":[{"href":"https:\/\/megacase.com\/de\/wp-json\/wp\/v2\/product\/52754","targetHints":{"allow":["GET"]}}],"collection":[{"href":"https:\/\/megacase.com\/de\/wp-json\/wp\/v2\/product"}],"about":[{"href":"https:\/\/megacase.com\/de\/wp-json\/wp\/v2\/types\/product"}],"wp:featuredmedia":[{"embeddable":true,"href":"https:\/\/megacase.com\/de\/wp-json\/wp\/v2\/media\/92270"}],"wp:attachment":[{"href":"https:\/\/megacase.com\/de\/wp-json\/wp\/v2\/media?parent=52754"}],"wp:term":[{"taxonomy":"product_brand","embeddable":true,"href":"https:\/\/megacase.com\/de\/wp-json\/wp\/v2\/product_brand?post=52754"},{"taxonomy":"product_cat","embeddable":true,"href":"https:\/\/megacase.com\/de\/wp-json\/wp\/v2\/product_cat?post=52754"},{"taxonomy":"product_tag","embeddable":true,"href":"https:\/\/megacase.com\/de\/wp-json\/wp\/v2\/product_tag?post=52754"}],"curies":[{"name":"wp","href":"https:\/\/api.w.org\/{rel}","templated":true}]}}