{"id":52750,"date":"2014-03-17T00:00:00","date_gmt":"2014-03-16T23:00:00","guid":{"rendered":"https:\/\/mcx.sunlab.eu\/product\/profi-schrank-case-in-nachtblau-aussenmasse-90x70x1585mm-auf-rollen\/"},"modified":"2026-03-25T14:43:25","modified_gmt":"2026-03-25T13:43:25","slug":"profi-schrank-case-in-nachtblau-aussenmasse-90x70x1585mm-auf-rollen","status":"publish","type":"product","link":"https:\/\/megacase.com\/de\/produkt\/profi-schrank-case-in-nachtblau-aussenmasse-90x70x1585mm-auf-rollen\/","title":{"rendered":"Profi Schrank Case in nachtblau Au\u00dfenma\u00dfe 90x70x1585mm auf Rollen"},"content":{"rendered":"<p>Profi Single Door Case in nachtblau RAL 5022 mit geteilter T\u00fcre vorne (ca.75mm tief) auf Rollen (2x gebremst) mit den Au\u00dfenma\u00dfen von 900 x 700 x 1585mm BxTxH;<br \/>\n9mm Birkenmultiplex,<br \/>\n30 x 30mm Alukante,<br \/>\n6 gefederte Butterfly-Verschl\u00fc\u00dfe,<br \/>\n6 Klappgriffe,<br \/>\nStahlkugelecken,<br \/>\nhergestellt in Deutschland<\/p>\n","protected":false},"excerpt":{"rendered":"<p>Profi Single Door Case in nachtblau RAL 5022 mit geteilter T\u00fcre vorne (ca.75mm tief) auf Rollen (2x gebremst) mit den<\/p>\n","protected":false},"featured_media":109201,"template":"","meta":{"_acf_changed":false},"product_brand":[],"product_cat":[13508],"product_tag":[14248],"class_list":{"0":"post-52750","1":"product","2":"type-product","3":"status-publish","4":"has-post-thumbnail","6":"product_cat-universal-flightcases","7":"product_tag-schrankcase","9":"first","10":"instock","11":"taxable","12":"shipping-taxable","13":"purchasable","14":"product-type-simple"},"acf":[],"_links":{"self":[{"href":"https:\/\/megacase.com\/de\/wp-json\/wp\/v2\/product\/52750","targetHints":{"allow":["GET"]}}],"collection":[{"href":"https:\/\/megacase.com\/de\/wp-json\/wp\/v2\/product"}],"about":[{"href":"https:\/\/megacase.com\/de\/wp-json\/wp\/v2\/types\/product"}],"wp:featuredmedia":[{"embeddable":true,"href":"https:\/\/megacase.com\/de\/wp-json\/wp\/v2\/media\/109201"}],"wp:attachment":[{"href":"https:\/\/megacase.com\/de\/wp-json\/wp\/v2\/media?parent=52750"}],"wp:term":[{"taxonomy":"product_brand","embeddable":true,"href":"https:\/\/megacase.com\/de\/wp-json\/wp\/v2\/product_brand?post=52750"},{"taxonomy":"product_cat","embeddable":true,"href":"https:\/\/megacase.com\/de\/wp-json\/wp\/v2\/product_cat?post=52750"},{"taxonomy":"product_tag","embeddable":true,"href":"https:\/\/megacase.com\/de\/wp-json\/wp\/v2\/product_tag?post=52750"}],"curies":[{"name":"wp","href":"https:\/\/api.w.org\/{rel}","templated":true}]}}