{"id":52744,"date":"2014-03-10T00:00:00","date_gmt":"2014-03-09T23:00:00","guid":{"rendered":"https:\/\/mcx.sunlab.eu\/product\/cd-player-case-pioneer-cdj-350-farbe-grau-ral-7046\/"},"modified":"2026-03-25T14:43:27","modified_gmt":"2026-03-25T13:43:27","slug":"cd-player-case-pioneer-cdj-350-farbe-grau-ral-7046","status":"publish","type":"product","link":"https:\/\/megacase.com\/de\/produkt\/cd-player-case-pioneer-cdj-350-farbe-grau-ral-7046\/","title":{"rendered":"CD Player Case Pioneer CDJ-350 Farbe grau RAL 7046"},"content":{"rendered":"<p>ma\u00dfgefertigtes Haubencase f\u00fcr CDJ-350<br \/>\n7mm Birkenmultiplex<br \/>\n22 x 22 mm Alukante<br \/>\nmind. 10mm Schaumstoffpolsterung<br \/>\n2 Mini Butterfys<br \/>\n1 Koffergriff<br \/>\nGer\u00e4t kann im Case bedient werden<br \/>\nPlatz f\u00fcr Kabel hinter dem Ger\u00e4t<br \/>\n4 Gummif\u00fc\u00dfe<br \/>\nStahlkugelecken<br \/>\nhergestellt in Deutschland<br \/>\nAbbildung \u00e4hnlich<br \/>\nAu\u00dfenma\u00dfe ca. BxTxH 27,9 x 45 x 17,2 cm<br \/>\nGewicht ca. 3,8 kg   Gewicht mit CDJ ca. 6,2 kg<\/p>\n","protected":false},"excerpt":{"rendered":"<p>ma\u00dfgefertigtes Haubencase f\u00fcr CDJ-350 7mm Birkenmultiplex 22 x 22 mm Alukante mind. 10mm Schaumstoffpolsterung 2 Mini Butterfys 1 Koffergriff Ger\u00e4t<\/p>\n","protected":false},"featured_media":25881,"template":"","meta":{"_acf_changed":false},"product_brand":[],"product_cat":[13493],"product_tag":[13757],"class_list":{"0":"post-52744","1":"product","2":"type-product","3":"status-publish","4":"has-post-thumbnail","6":"product_cat-dj-equipment-cases","7":"product_tag-pioneer","9":"first","10":"instock","11":"taxable","12":"shipping-taxable","13":"purchasable","14":"product-type-simple"},"acf":[],"_links":{"self":[{"href":"https:\/\/megacase.com\/de\/wp-json\/wp\/v2\/product\/52744","targetHints":{"allow":["GET"]}}],"collection":[{"href":"https:\/\/megacase.com\/de\/wp-json\/wp\/v2\/product"}],"about":[{"href":"https:\/\/megacase.com\/de\/wp-json\/wp\/v2\/types\/product"}],"wp:featuredmedia":[{"embeddable":true,"href":"https:\/\/megacase.com\/de\/wp-json\/wp\/v2\/media\/25881"}],"wp:attachment":[{"href":"https:\/\/megacase.com\/de\/wp-json\/wp\/v2\/media?parent=52744"}],"wp:term":[{"taxonomy":"product_brand","embeddable":true,"href":"https:\/\/megacase.com\/de\/wp-json\/wp\/v2\/product_brand?post=52744"},{"taxonomy":"product_cat","embeddable":true,"href":"https:\/\/megacase.com\/de\/wp-json\/wp\/v2\/product_cat?post=52744"},{"taxonomy":"product_tag","embeddable":true,"href":"https:\/\/megacase.com\/de\/wp-json\/wp\/v2\/product_tag?post=52744"}],"curies":[{"name":"wp","href":"https:\/\/api.w.org\/{rel}","templated":true}]}}