{"id":52740,"date":"2014-03-06T00:00:00","date_gmt":"2014-03-05T23:00:00","guid":{"rendered":"https:\/\/mcx.sunlab.eu\/product\/case-schwarz-mit-rollen-jb-lighting-a4-7-sparx7-6in1\/"},"modified":"2026-03-25T14:43:27","modified_gmt":"2026-03-25T13:43:27","slug":"case-schwarz-mit-rollen-jb-lighting-a4-7-sparx7-6in1","status":"publish","type":"product","link":"https:\/\/megacase.com\/de\/produkt\/case-schwarz-mit-rollen-jb-lighting-a4-7-sparx7-6in1\/","title":{"rendered":"Case schwarz mit Rollen JB-Lighting A4 \/ 7 Sparx7 6in1"},"content":{"rendered":"<p>ma\u00dfgefertigtes Transportcase f\u00fcr 6 JB-Lighting A-4, A-7 sowie Sparx-7,<br \/>\naus 9mm Birkenmultiplex schwarz beschichtet,<br \/>\n30 x 30mm Alukante,<br \/>\ngefr\u00e4ste Schaumsoffpolsterung,<br \/>\n2 gefederte Butterfly-Verschl\u00fc\u00dfe medium,<br \/>\n8 Klappgriffe,<br \/>\n2 Deckelscharniere in Schale,<br \/>\nStahlkugelecken,<br \/>\nRadmulden,<br \/>\n4 100mm Lenkrollen davon 2 gebremst,<br \/>\nZubeh\u00f6rfach,<br \/>\nhergestellt in Deutschland,<br \/>\nAu\u00dfenma\u00dfe BxTxH ca. 115 x 62,5 x 60,8 cm,<br \/>\nGewicht ca. 45,2 kg, Gewicht mit JB ca. 99 kg<\/p>\n","protected":false},"excerpt":{"rendered":"<p>ma\u00dfgefertigtes Transportcase f\u00fcr 6 JB-Lighting A-4, A-7 sowie Sparx-7, aus 9mm Birkenmultiplex schwarz beschichtet, 30 x 30mm Alukante, gefr\u00e4ste Schaumsoffpolsterung,<\/p>\n","protected":false},"featured_media":25891,"template":"","meta":{"_acf_changed":false},"product_brand":[],"product_cat":[13508,13605],"product_tag":[],"class_list":{"0":"post-52740","1":"product","2":"type-product","3":"status-publish","4":"has-post-thumbnail","6":"product_cat-universal-flightcases","7":"product_cat-jb-lighting","9":"first","10":"instock","11":"taxable","12":"shipping-taxable","13":"purchasable","14":"product-type-simple"},"acf":[],"_links":{"self":[{"href":"https:\/\/megacase.com\/de\/wp-json\/wp\/v2\/product\/52740","targetHints":{"allow":["GET"]}}],"collection":[{"href":"https:\/\/megacase.com\/de\/wp-json\/wp\/v2\/product"}],"about":[{"href":"https:\/\/megacase.com\/de\/wp-json\/wp\/v2\/types\/product"}],"wp:featuredmedia":[{"embeddable":true,"href":"https:\/\/megacase.com\/de\/wp-json\/wp\/v2\/media\/25891"}],"wp:attachment":[{"href":"https:\/\/megacase.com\/de\/wp-json\/wp\/v2\/media?parent=52740"}],"wp:term":[{"taxonomy":"product_brand","embeddable":true,"href":"https:\/\/megacase.com\/de\/wp-json\/wp\/v2\/product_brand?post=52740"},{"taxonomy":"product_cat","embeddable":true,"href":"https:\/\/megacase.com\/de\/wp-json\/wp\/v2\/product_cat?post=52740"},{"taxonomy":"product_tag","embeddable":true,"href":"https:\/\/megacase.com\/de\/wp-json\/wp\/v2\/product_tag?post=52740"}],"curies":[{"name":"wp","href":"https:\/\/api.w.org\/{rel}","templated":true}]}}