{"id":52737,"date":"2014-03-04T00:00:00","date_gmt":"2014-03-03T23:00:00","guid":{"rendered":"https:\/\/mcx.sunlab.eu\/product\/kabeltruhe-multiflex-120-rollen-gebremst\/"},"modified":"2026-03-25T14:43:27","modified_gmt":"2026-03-25T13:43:27","slug":"kabeltruhe-multiflex-120-rollen-gebremst","status":"publish","type":"product","link":"https:\/\/megacase.com\/de\/produkt\/kabeltruhe-multiflex-120-rollen-gebremst\/","title":{"rendered":"Kabeltruhe Megaflex 120 schwarz Truckma\u00df"},"content":{"rendered":"<p>Megaflex Transport Truhe im Truckma\u00df f\u00fcr Kabel und Zubeh\u00f6r<br \/>\nmit Radmulden, Lenkrollen und drei variablen Trennw\u00e4nden.<br \/>\nOptional sind weitere Trennbretter und diverse Megaflex-Wannen erh\u00e4ltlich.<\/p>\n<p>9 mm Multiplex schwarz RAL 9004<br \/>\n35&#215;35 mm Alukante mit Nietrille<br \/>\n4 L-Ecke gro\u00df<br \/>\n2 Butterfly gro\u00df<br \/>\n2 Deckelfeststeller gro\u00df<br \/>\n2 L-Scharnier heavy<br \/>\n3 Scharnier 6-Loch<br \/>\n8 Klappgriff gro\u00df<br \/>\n8 Kugelecke gro\u00df gestuft<br \/>\n4 Radmulde<br \/>\n4 Lenkrollen 100mm, davon 2 gebremst<br \/>\nflexible Rastereinteilung<br \/>\n3 Trennbretter (weitere \u00fcber Art.Nr. 5004)<\/p>\n<p>hergestellt in Deutschland<br \/>\nAu\u00dfenma\u00dfe: (BxTxH) 1200x600x800 mm<br \/>\nAu\u00dfenh\u00f6he inkl. Rollen<br \/>\nInnenma\u00dfe (BxTxH) 1145x515x605 mm<br \/>\nGewicht: 52 kg<\/p>\n","protected":false},"excerpt":{"rendered":"<p>Megaflex Transport Truhe im Truckma\u00df f\u00fcr Kabel und Zubeh\u00f6r mit Radmulden, Lenkrollen und drei variablen Trennw\u00e4nden. Optional sind weitere Trennbretter<\/p>\n","protected":false},"featured_media":250798,"template":"","meta":{"_acf_changed":false},"product_brand":[],"product_cat":[13508,13509,13512],"product_tag":[14710],"class_list":{"0":"post-52737","1":"product","2":"type-product","3":"status-publish","4":"has-post-thumbnail","6":"product_cat-universal-flightcases","7":"product_cat-truhen-cases","8":"product_cat-case-zubehoer","9":"product_tag-megaflex","11":"first","12":"instock","13":"taxable","14":"shipping-taxable","15":"purchasable","16":"product-type-simple"},"acf":[],"_links":{"self":[{"href":"https:\/\/megacase.com\/de\/wp-json\/wp\/v2\/product\/52737","targetHints":{"allow":["GET"]}}],"collection":[{"href":"https:\/\/megacase.com\/de\/wp-json\/wp\/v2\/product"}],"about":[{"href":"https:\/\/megacase.com\/de\/wp-json\/wp\/v2\/types\/product"}],"wp:featuredmedia":[{"embeddable":true,"href":"https:\/\/megacase.com\/de\/wp-json\/wp\/v2\/media\/250798"}],"wp:attachment":[{"href":"https:\/\/megacase.com\/de\/wp-json\/wp\/v2\/media?parent=52737"}],"wp:term":[{"taxonomy":"product_brand","embeddable":true,"href":"https:\/\/megacase.com\/de\/wp-json\/wp\/v2\/product_brand?post=52737"},{"taxonomy":"product_cat","embeddable":true,"href":"https:\/\/megacase.com\/de\/wp-json\/wp\/v2\/product_cat?post=52737"},{"taxonomy":"product_tag","embeddable":true,"href":"https:\/\/megacase.com\/de\/wp-json\/wp\/v2\/product_tag?post=52737"}],"curies":[{"name":"wp","href":"https:\/\/api.w.org\/{rel}","templated":true}]}}