{"id":52733,"date":"2014-02-27T00:00:00","date_gmt":"2014-02-26T23:00:00","guid":{"rendered":"https:\/\/mcx.sunlab.eu\/product\/case-fuer-ipad-halterungen\/"},"modified":"2026-03-25T14:43:29","modified_gmt":"2026-03-25T13:43:29","slug":"case-fuer-ipad-halterungen","status":"publish","type":"product","link":"https:\/\/megacase.com\/de\/produkt\/case-fuer-ipad-halterungen\/","title":{"rendered":"Case f\u00fcr iPad Halterungen"},"content":{"rendered":"<p>Koffer f\u00fcr i-Pad Halterungen.  aus 7 mm Birkenmultiplex   Farbe blau,<br \/>\n2 x Schnappschloss,<br \/>\n2 x Deckelscharnier,<br \/>\n1 x Geweberiemengriff.<br \/>\nGefr\u00e4\u00dfte Einsch\u00fcbe f\u00fcr Halter und Befestigungsstangen.<br \/>\nhergestellt in Deutschland<\/p>\n","protected":false},"excerpt":{"rendered":"<p>Koffer f\u00fcr i-Pad Halterungen. aus 7 mm Birkenmultiplex Farbe blau, 2 x Schnappschloss, 2 x Deckelscharnier, 1 x Geweberiemengriff. Gefr\u00e4\u00dfte<\/p>\n","protected":false},"featured_media":25907,"template":"","meta":{"_acf_changed":false},"product_brand":[],"product_cat":[13504],"product_tag":[],"class_list":{"0":"post-52733","1":"product","2":"type-product","3":"status-publish","4":"has-post-thumbnail","6":"product_cat-koffer-cases","8":"first","9":"instock","10":"taxable","11":"shipping-taxable","12":"purchasable","13":"product-type-simple"},"acf":[],"_links":{"self":[{"href":"https:\/\/megacase.com\/de\/wp-json\/wp\/v2\/product\/52733","targetHints":{"allow":["GET"]}}],"collection":[{"href":"https:\/\/megacase.com\/de\/wp-json\/wp\/v2\/product"}],"about":[{"href":"https:\/\/megacase.com\/de\/wp-json\/wp\/v2\/types\/product"}],"wp:featuredmedia":[{"embeddable":true,"href":"https:\/\/megacase.com\/de\/wp-json\/wp\/v2\/media\/25907"}],"wp:attachment":[{"href":"https:\/\/megacase.com\/de\/wp-json\/wp\/v2\/media?parent=52733"}],"wp:term":[{"taxonomy":"product_brand","embeddable":true,"href":"https:\/\/megacase.com\/de\/wp-json\/wp\/v2\/product_brand?post=52733"},{"taxonomy":"product_cat","embeddable":true,"href":"https:\/\/megacase.com\/de\/wp-json\/wp\/v2\/product_cat?post=52733"},{"taxonomy":"product_tag","embeddable":true,"href":"https:\/\/megacase.com\/de\/wp-json\/wp\/v2\/product_tag?post=52733"}],"curies":[{"name":"wp","href":"https:\/\/api.w.org\/{rel}","templated":true}]}}