{"id":52731,"date":"2014-02-27T00:00:00","date_gmt":"2014-02-26T23:00:00","guid":{"rendered":"https:\/\/mcx.sunlab.eu\/product\/case-fuer-cello-geraete\/"},"modified":"2026-03-25T14:43:29","modified_gmt":"2026-03-25T13:43:29","slug":"case-fuer-cello-geraete","status":"publish","type":"product","link":"https:\/\/megacase.com\/de\/produkt\/case-fuer-cello-geraete\/","title":{"rendered":"Case f\u00fcr Cello Ger\u00e4te"},"content":{"rendered":"<p>Eco Case f\u00fcr Cello Ger\u00e4te<br \/>\n7mm Birkenmultiplex phenolharzbeschichtet,<br \/>\nKlappgriff im Deckel,<br \/>\n2x Butterfly mini,<br \/>\n1cm Schaumstoffpolsterung.<br \/>\nUnterteil mind. 2cm Innenh\u00f6he.<br \/>\nNutzbreite 20cm x Nutztiefe 23cm x Nutzh\u00f6he 7cm<br \/>\nHergestellt in Deutschland<br \/>\nAbbildung \u00e4hnlich<\/p>\n","protected":false},"excerpt":{"rendered":"<p>Eco Case f\u00fcr Cello Ger\u00e4te 7mm Birkenmultiplex phenolharzbeschichtet, Klappgriff im Deckel, 2x Butterfly mini, 1cm Schaumstoffpolsterung. Unterteil mind. 2cm Innenh\u00f6he.<\/p>\n","protected":false},"featured_media":25911,"template":"","meta":{"_acf_changed":false},"product_brand":[],"product_cat":[13494],"product_tag":[],"class_list":{"0":"post-52731","1":"product","2":"type-product","3":"status-publish","4":"has-post-thumbnail","6":"product_cat-custom-cases","8":"first","9":"instock","10":"taxable","11":"shipping-taxable","12":"purchasable","13":"product-type-simple"},"acf":[],"_links":{"self":[{"href":"https:\/\/megacase.com\/de\/wp-json\/wp\/v2\/product\/52731","targetHints":{"allow":["GET"]}}],"collection":[{"href":"https:\/\/megacase.com\/de\/wp-json\/wp\/v2\/product"}],"about":[{"href":"https:\/\/megacase.com\/de\/wp-json\/wp\/v2\/types\/product"}],"wp:featuredmedia":[{"embeddable":true,"href":"https:\/\/megacase.com\/de\/wp-json\/wp\/v2\/media\/25911"}],"wp:attachment":[{"href":"https:\/\/megacase.com\/de\/wp-json\/wp\/v2\/media?parent=52731"}],"wp:term":[{"taxonomy":"product_brand","embeddable":true,"href":"https:\/\/megacase.com\/de\/wp-json\/wp\/v2\/product_brand?post=52731"},{"taxonomy":"product_cat","embeddable":true,"href":"https:\/\/megacase.com\/de\/wp-json\/wp\/v2\/product_cat?post=52731"},{"taxonomy":"product_tag","embeddable":true,"href":"https:\/\/megacase.com\/de\/wp-json\/wp\/v2\/product_tag?post=52731"}],"curies":[{"name":"wp","href":"https:\/\/api.w.org\/{rel}","templated":true}]}}