{"id":52728,"date":"2014-02-24T00:00:00","date_gmt":"2014-02-23T23:00:00","guid":{"rendered":"https:\/\/mcx.sunlab.eu\/product\/profi-haubencase-105x105x110cm-bxtxh-auf-rollen\/"},"modified":"2026-03-25T14:43:29","modified_gmt":"2026-03-25T13:43:29","slug":"profi-haubencase-105x105x110cm-bxtxh-auf-rollen","status":"publish","type":"product","link":"https:\/\/megacase.com\/de\/produkt\/profi-haubencase-105x105x110cm-bxtxh-auf-rollen\/","title":{"rendered":"Profi Haubencase 105x105x110cm BxTxH auf Rollen"},"content":{"rendered":"<p>ma\u00dfgefertigtes Profi Haubencase auf Rollen (2x gebremst) mit 4 gefederten Butterfly-Verschl\u00fc\u00dfen,<br \/>\n4 Klappgriffen,<br \/>\nStahlkugelecken,<br \/>\nhergestellt in Deutschland<br \/>\nnnenma\u00dfe 105x105x110cm BxTxH<\/p>\n","protected":false},"excerpt":{"rendered":"<p>ma\u00dfgefertigtes Profi Haubencase auf Rollen (2x gebremst) mit 4 gefederten Butterfly-Verschl\u00fc\u00dfen, 4 Klappgriffen, Stahlkugelecken, hergestellt in Deutschland nnenma\u00dfe 105x105x110cm BxTxH<\/p>\n","protected":false},"featured_media":25919,"template":"","meta":{"_acf_changed":false},"product_brand":[],"product_cat":[13508],"product_tag":[],"class_list":{"0":"post-52728","1":"product","2":"type-product","3":"status-publish","4":"has-post-thumbnail","6":"product_cat-universal-flightcases","8":"first","9":"instock","10":"taxable","11":"shipping-taxable","12":"purchasable","13":"product-type-simple"},"acf":[],"_links":{"self":[{"href":"https:\/\/megacase.com\/de\/wp-json\/wp\/v2\/product\/52728","targetHints":{"allow":["GET"]}}],"collection":[{"href":"https:\/\/megacase.com\/de\/wp-json\/wp\/v2\/product"}],"about":[{"href":"https:\/\/megacase.com\/de\/wp-json\/wp\/v2\/types\/product"}],"wp:featuredmedia":[{"embeddable":true,"href":"https:\/\/megacase.com\/de\/wp-json\/wp\/v2\/media\/25919"}],"wp:attachment":[{"href":"https:\/\/megacase.com\/de\/wp-json\/wp\/v2\/media?parent=52728"}],"wp:term":[{"taxonomy":"product_brand","embeddable":true,"href":"https:\/\/megacase.com\/de\/wp-json\/wp\/v2\/product_brand?post=52728"},{"taxonomy":"product_cat","embeddable":true,"href":"https:\/\/megacase.com\/de\/wp-json\/wp\/v2\/product_cat?post=52728"},{"taxonomy":"product_tag","embeddable":true,"href":"https:\/\/megacase.com\/de\/wp-json\/wp\/v2\/product_tag?post=52728"}],"curies":[{"name":"wp","href":"https:\/\/api.w.org\/{rel}","templated":true}]}}